{"id":101,"date":"2019-07-24T15:20:07","date_gmt":"2019-07-24T15:20:07","guid":{"rendered":"http:\/\/clbnoikhoaydh.com\/clbnoikhoa\/?page_id=101"},"modified":"2023-06-25T23:20:49","modified_gmt":"2023-06-25T16:20:49","slug":"cam-nang-cap-nhat-chan-doan-va-dieu-tri-benh-noi-khoa","status":"publish","type":"page","link":"http:\/\/clbnoikhoasvydh.com\/index.php\/cam-nang-cap-nhat-chan-doan-va-dieu-tri-benh-noi-khoa\/","title":{"rendered":"C\u1ea9m nang c\u1eadp nh\u1eadt Ch\u1ea9n \u0111o\u00e1n v\u00e0 \u0110i\u1ec1u tr\u1ecb b\u1ec7nh N\u1ed9i khoa"},"content":{"rendered":"\n<p><p style=\"color:#000000; text-align:justify\"> Y h\u1ecdc b\u1eb1ng ch\u1ee9ng l\u00e0 kh\u00e1i ni\u1ec7m kh\u00f4ng c\u00f2n qu\u00e1 xa l\u1ea1 \u0111\u1ed1i v\u1edbi c\u00e1c b\u00e1c s\u0129 l\u00e2m s\u00e0ng. S\u1ef1 ra \u0111\u1eddi c\u1ee7a y h\u1ecdc b\u1eb1ng ch\u1ee9ng \u0111\u00e3 l\u00e0m thay \u0111\u1ed5i nh\u1eadn th\u1ee9c v\u1ec1 t\u01b0 duy \u0111i\u1ec1u tr\u1ecb. D\u1ef1a v\u00e0o c\u00e1c khuy\u1ebfn c\u00e1o v\u1ec1 ch\u1ea9n \u0111o\u00e1n v\u00e0 \u0111i\u1ec1u tr\u1ecb \u0111\u01b0\u1ee3c x\u00e2y d\u1ef1ng tr\u00ean c\u00e1c nghi\u00ean c\u1ee9u l\u00e2m s\u00e0ng, c\u00f9ng v\u1edbi kinh nghi\u1ec7m c\u1ee7a m\u00ecnh, ng\u01b0\u1eddi b\u00e1c s\u0129 c\u00f3 th\u1ec3 \u0111\u01b0a ra quy\u1ebft \u0111\u1ecbnh ch\u00ednh x\u00e1c h\u01a1n, khoa h\u1ecdc h\u01a1n v\u00e0 mang l\u1ea1i nhi\u1ec1u l\u1ee3i \u00edch cho b\u1ec7nh nh\u00e2n theo nguy\u00ean t\u1eafc \u201c\u0111i\u1ec1u tr\u1ecb ng\u01b0\u1eddi b\u1ec7nh, kh\u00f4ng ch\u1ec9 \u0111i\u1ec1u tr\u1ecb b\u1ec7nh\u201d.  <\/div>\n\n\n\n<figure class=\"wp-block-image\"><img decoding=\"async\" loading=\"lazy\" width=\"1024\" height=\"653\" src=\"https:\/\/clbnoikhoasvydh.com\/wp-content\/uploads\/2022\/08\/b37a52970aaacff496bb-1-1024x653.jpg\" alt=\"\" class=\"wp-image-735\" srcset=\"http:\/\/clbnoikhoasvydh.com\/wp-content\/uploads\/2022\/08\/b37a52970aaacff496bb-1-1024x653.jpg 1024w, http:\/\/clbnoikhoasvydh.com\/wp-content\/uploads\/2022\/08\/b37a52970aaacff496bb-1-360x230.jpg 360w, http:\/\/clbnoikhoasvydh.com\/wp-content\/uploads\/2022\/08\/b37a52970aaacff496bb-1-768x490.jpg 768w\" sizes=\"(max-width: 1024px) 100vw, 1024px\" \/><\/figure>\n\n\n\n<p><p style=\"color:#000000; text-align:justify\"> Nh\u1eadn th\u1ea5y \u0111\u01b0\u1ee3c \u00fd ngh\u0129a v\u00e0 th\u00e0nh t\u1ef1u to l\u1edbn c\u1ee7a n\u1ec1n y h\u1ecdc b\u1eb1ng ch\u1ee9ng, c\u00f9ng v\u1edbi mong mu\u1ed1n c\u00f3 m\u1ed9t t\u00e0i li\u1ec7u tham kh\u1ea3o b\u1eb1ng ti\u1ebfng Vi\u1ec7t gi\u00fap cho sinh vi\u00ean c\u00f3 th\u1ec3 l\u00e0m quen v\u00e0 ti\u1ebfp x\u00fac v\u1edbi y h\u1ecdc b\u1eb1ng ch\u1ee9ng, \u0111\u01b0\u1ee3c s\u1ef1 \u1ee7ng h\u1ed9 c\u1ee7a qu\u00fd th\u1ea7y c\u00f4, qu\u00fd anh ch\u1ecb b\u00e1c s\u0129 n\u1ed9i tr\u00fa, h\u1ecdc vi\u00ean sau \u0111\u1ea1i h\u1ecdc c\u00f9ng \u0111\u00f4ng \u0111\u1ea3o sinh vi\u00ean to\u00e0n tr\u01b0\u1eddng, d\u01b0\u1edbi s\u1ef1 h\u01b0\u1edbng d\u1eabn v\u00e0 gi\u00fap \u0111\u1ee1 t\u1eadn t\u00ecnh c\u1ee7a qu\u00fd th\u1ea7y c\u00f4 b\u1ed9 m\u00f4n N\u1ed9i tr\u01b0\u1eddng \u0111\u1ea1i h\u1ecdc Y D\u01b0\u1ee3c Hu\u1ebf, CLB N\u1ed9i khoa sinh vi\u00ean tr\u01b0\u1eddng \u0110\u1ea1i h\u1ecdc Y D\u01b0\u1ee3c Hu\u1ebf \u0111\u00e3 ti\u1ebfn h\u00e0nh bi\u00ean d\u1ecbch c\u00e1c khuy\u1ebfn c\u00e1o m\u1edbi nh\u1ea5t v\u1ec1 ch\u1ea9n \u0111o\u00e1n v\u00e0 \u0111i\u1ec1u tr\u1ecb c\u00e1c b\u1ec7nh l\u00fd th\u01b0\u1eddng g\u1eb7p t\u1eeb c\u00e1c t\u1ed5 ch\u1ee9c, hi\u1ec7p h\u1ed9i uy t\u00edn tr\u00ean th\u1ebf gi\u1edbi nh\u1eb1m g\u1eedi \u0111\u1ebfn qu\u00fd b\u1ea1n \u0111\u1ecdc t\u00e0i li\u1ec7u tham kh\u1ea3o &#8220;C\u1ea9m nang c\u1eadp nh\u1eadt ch\u1ea9n \u0111o\u00e1n v\u00e0 \u0111i\u1ec1u tr\u1ecb b\u1ec7nh N\u1ed9i khoa&#8221; cho sinh vi\u00ean trong tr\u01b0\u1eddng.<\/p>\n\n\n\n<figure class=\"wp-block-image\"><img decoding=\"async\" loading=\"lazy\" width=\"1010\" height=\"1024\" src=\"https:\/\/clbnoikhoasvydh.com\/wp-content\/uploads\/2022\/08\/27c87f52336ff631af7e-1010x1024.jpg\" alt=\"\" class=\"wp-image-737\" srcset=\"http:\/\/clbnoikhoasvydh.com\/wp-content\/uploads\/2022\/08\/27c87f52336ff631af7e-1010x1024.jpg 1010w, http:\/\/clbnoikhoasvydh.com\/wp-content\/uploads\/2022\/08\/27c87f52336ff631af7e-50x50.jpg 50w, http:\/\/clbnoikhoasvydh.com\/wp-content\/uploads\/2022\/08\/27c87f52336ff631af7e-355x360.jpg 355w, http:\/\/clbnoikhoasvydh.com\/wp-content\/uploads\/2022\/08\/27c87f52336ff631af7e-768x779.jpg 768w, http:\/\/clbnoikhoasvydh.com\/wp-content\/uploads\/2022\/08\/27c87f52336ff631af7e-45x45.jpg 45w, http:\/\/clbnoikhoasvydh.com\/wp-content\/uploads\/2022\/08\/27c87f52336ff631af7e.jpg 1080w\" sizes=\"(max-width: 1010px) 100vw, 1010px\" \/><figcaption class=\"wp-element-caption\"> C\u1ea9m nang &#8220;C\u1eadp nh\u1eadt Ch\u1ea9n \u0111o\u00e1n v\u00e0 \u0110i\u1ec1u tr\u1ecb b\u1ec7nh N\u1ed9i khoa&#8221; b\u1ea3n 03 <\/figcaption><\/figure>\n\n\n\n<p><p style=\"color:#000000; text-align:justify\"> B\u00ean c\u1ea1nh vi\u1ec7c n\u1eafm v\u1eefng ki\u1ebfn th\u1ee9c kinh \u0111i\u1ec3n trong c\u00e1c s\u00e1ch gi\u00e1o khoa y h\u1ecdc v\u00e0 n\u00e2ng cao k\u0129 n\u0103ng l\u00e2m s\u00e0ng th\u00ec vi\u1ec7c t\u1ea1o th\u00f3i quen c\u1eadp nh\u1eadt ki\u1ebfn th\u1ee9c t\u1eeb c\u00e1c ngu\u1ed3n t\u00e0i li\u1ec7u uy t\u00edn c\u0169ng r\u1ea5t c\u1ea7n thi\u1ebft v\u00ec y h\u1ecdc hi\u1ec7n \u0111\u1ea1i lu\u00f4n lu\u00f4n thay \u0111\u1ed5i t\u1eebng gi\u1edd, t\u1eebng ng\u00e0y.  <\/p>\n\n\n\n<p style=\"color:blue; text-align:justify\">V\u1ec0 \u1ea4N B\u1ea2N L\u1ea6N BA <\/p>\n\n\n\n<p><p style=\"color:#000000; text-align:justify\">Trong l\u1ea7n t\u00e1i b\u1ea3n l\u1ea7n 3, t\u1eadp san \u0111\u00e3 c\u1eadp nh\u1eadt v\u00e0 ch\u1ec9nh s\u1eeda d\u1ef1a theo c\u00e1c khuy\u1ebfn c\u00e1o m\u1edbi nh\u1ea5t \u0111\u1ebfn t\u1eeb c\u00e1c Hi\u1ec7p h\u1ed9i, T\u1ed5 ch\u1ee9c y khoa c\u00f3 uy t\u00edn tr\u00ean th\u1ebf gi\u1edbi. Ch\u00fang t\u00f4i c\u00f2n b\u1ed5 sung th\u00eam nhi\u1ec1u b\u00e0i, nhi\u1ec1u chuy\u00ean \u0111\u1ec3 m\u1edbi nh\u01b0ng r\u1ea5t \u0111\u1ed7i quen thu\u1ed9c.  <\/p>\n\n\n\n<figure class=\"wp-block-image\"><img decoding=\"async\" loading=\"lazy\" width=\"1024\" height=\"683\" src=\"https:\/\/clbnoikhoasvydh.com\/wp-content\/uploads\/2022\/08\/84ae8c03d43e1160482f-1024x683.jpg\" alt=\"\" class=\"wp-image-738\" srcset=\"http:\/\/clbnoikhoasvydh.com\/wp-content\/uploads\/2022\/08\/84ae8c03d43e1160482f-1024x683.jpg 1024w, http:\/\/clbnoikhoasvydh.com\/wp-content\/uploads\/2022\/08\/84ae8c03d43e1160482f-360x240.jpg 360w, http:\/\/clbnoikhoasvydh.com\/wp-content\/uploads\/2022\/08\/84ae8c03d43e1160482f-768x512.jpg 768w\" sizes=\"(max-width: 1024px) 100vw, 1024px\" \/><figcaption class=\"wp-element-caption\"> Tr\u00edch trang s\u00e1ch C\u1ea9m nang b\u1ea3n 03 <\/figcaption><\/figure>\n\n\n\n<p><p style=\"color: #000000; text-align: justify\"> N\u1ed9i dung c\u1eadp nh\u1eadt, bao g\u1ed3m: <br><strong>1. Ph\u1ea7n ti\u00eau h\u00f3a<\/strong>:<br>&#8211; Ch\u1ea9n \u0111o\u00e1n v\u00e0 \u0111i\u1ec1u tr\u1ecb <em>H.pylori<\/em> theo WGO 2021.<br>&#8211; Xu\u1ea5t huy\u1ebft ti\u00eau h\u00f3a tr\u00ean kh\u00f4ng do v\u1ee1 gi\u00e3n t\u0129nh m\u1ea1ch ESCG &#8211; ACG 2021, th\u1ef1c h\u00e0nh l\u00e2m s\u00e0ng v\u1ec1 lo\u00e9t d\u1ea1 d\u00e0y t\u00e1 tr\u00e0ng do thu\u1ed1c theo Hi\u1ec7p h\u1ed9i Ti\u00eau h\u00f3a H\u00e0n Qu\u1ed1c 2020.<br>&#8211; B\u1ec7nh gan do r\u01b0\u1ee3u theo AASLD 2019.<br>&#8211; B\u1ec7nh gan nhi\u1ec5m m\u1ee1 kh\u00f4ng do r\u01b0\u1ee3u theo AACE &#8211; AASLD 2022.<br>&#8211; Gi\u00e3n t\u0129nh m\u1ea1ch d\u1ea1 d\u00e0y th\u1ef1c qu\u1ea3n \u1edf b\u1ec7nh nh\u00e2n x\u01a1 gan &#8211; th\u1ef1c h\u00e0nh l\u00e2m s\u00e0ng theo AASLD . \u0110\u1ed3ng thu\u1eadn BAVENO VII 2022 v\u1ec1 gi\u00e3n t\u0129nh m\u1ea1ch d\u1ea1 d\u00e0y th\u1ef1c qu\u1ea3n tr\u00ean b\u1ec7nh nh\u00e2n x\u01a1 gan. <br>&#8211; T\u1eadp trung khai th\u00e1c c\u00e1c v\u1ea5n \u0111\u1ec1 xoay quanh b\u1ec7nh l\u00fd x\u01a1 gan theo h\u01b0\u1edbng d\u1eabn th\u1ef1c h\u00e0nh AASLD 2021 v\u1ec1: \u0111i\u1ec1u tr\u1ecb b\u00e1ng, nhi\u1ec5m khu\u1ea9n trong x\u01a1 gan, t\u1ed5n th\u01b0\u01a1ng th\u1eadn trong x\u01a1 gan, h\u1ea1 Natri m\u00e1u \u1edf b\u1ec7nh nh\u00e2n x\u01a1 gan.<br>&#8211; Vi\u00eam t\u1ee5y c\u1ea5p n\u1eb7ng theo WSES 2019<br><br><strong>2. Ph\u1ea7n n\u1ed9i ti\u1ebft:<\/strong><br>&#8211; \u0110\u00e1i th\u00e1o \u0111\u01b0\u1eddng theo ADA 2022.<br>&#8211; Ti\u1ebfp c\u1eadn nh\u00e2n gi\u00e1p theo ATA.<br><br><strong>3. Ph\u1ea7n h\u00f4 h\u1ea5p<\/strong>:<br>&#8211; COPD theo GOLD 2022. <br>&#8211; Hen ph\u1ebf qu\u1ea3n theo GINA 2022.<br><br><strong>4. Ph\u1ea7n c\u01a1 x\u01b0\u01a1ng kh\u1edbp<\/strong>:<br>&#8211; C\u1eadp nh\u1eadt \u0111i\u1ec1u tr\u1ecb Gout theo ACR 2020.<br>&#8211; C\u1eadp nh\u1eadt \u0111i\u1ec1u tr\u1ecb Tho\u00e1i h\u00f3a kh\u1edbp theo ACR 2019.<br>&#8211; Vi\u00eam kh\u1edbp d\u1ea1ng th\u1ea5p theo ACR 2021 &#8211; d\u1ea1ng kh\u00f3 tr\u1ecb theo EULAR 2021.<br>&#8211; C\u1eadp nh\u1eadt lo\u00e3ng x\u01b0\u01a1ng sau m\u00e3n kinh theo AACE 2020.<br><br><strong>5. Ph\u1ea7n th\u1eadn ti\u1ebft ni\u1ec7u<\/strong>:<br>&#8211; \u0110\u00e1i th\u00e1o \u0111\u01b0\u1eddng tr\u00ean b\u1ec7nh th\u1eadn m\u1ea1n &#8211; KDIGO 2020 &#8211; c\u1eadp nh\u1eadt 2022.<br>&#8211; B\u1ec7nh c\u1ea7u th\u1eadn theo KDIGO 2021.<br>&#8211; M\u1ed9t s\u1ed1 \u0111i\u1ec3m m\u1edbi v\u1ec1 t\u1ed5n th\u01b0\u01a1ng th\u1eadn c\u1ea5p theo KDIGO 2020.<br>&#8211; Qu\u1ea3n l\u00fd huy\u1ebft \u00e1p tr\u00ean b\u1ec7nh th\u1eadn m\u1ea1n theo KDIGO 2021.<br>&#8211; Nhi\u1ec5m khu\u1ea9n \u0111\u01b0\u1eddng ti\u1ebft ni\u1ec7u theo EAU 2022.<br><br><strong>6. Ph\u1ea7n n\u1ed9i khoa chung<\/strong>:<br>&#8211; C\u1eadp nh\u1eadt Sepsis v\u00e0 Septic Shock theo SSC 2021.<\/p><\/p>\n\n\n\n<p><p style=\"color: #000000; text-align: justify\"> \u0110\u1eb7c bi\u1ec7t, trong \u1ea5n ph\u1ea9m l\u1ea7n n\u00e0y \u0111\u00e3 b\u1ed5 sung th\u00eam <strong>Ph\u1ea7n Th\u1ea7n kinh<\/strong> v\u1ec1 m\u1ea3ng \u0111\u1ed9t qu\u1ef5<br>&#8211; Nh\u1ed3i m\u00e1u n\u00e3o c\u1ea5p theo AHA\/ASA 2019.<br>&#8211; Xu\u1ea5t huy\u1ebft n\u00e3o t\u1ef1 ph\u00e1t theo AHA\/ASA 2019.<br>&#8211; D\u1ef1 ph\u00f2ng th\u1ee9 ph\u00e1t \u0111\u1ed9t qu\u1ef5 v\u00e0 c\u01a1n thi\u1ebfu m\u00e1u n\u00e3o tho\u00e1ng qua &#8211; AHA\/ASA 2021<\/p><\/p>\n\n\n\n<p><p style=\"color: #000000; text-align: justify\"> Nh\u00f3m bi\u00ean so\u1ea1n \u0111\u00e3 kh\u00f4ng ng\u1eebng c\u1ed1 g\u1eafng \u0111\u1ec3 \u0111\u01b0a \u0111\u1ebfn qu\u00fd v\u1ecb \u0111\u1ed9c gi\u1ea3 m\u1ed9t t\u00e0i li\u1ec7u tham kh\u1ea3o gi\u00e1 tr\u1ecb, tuy nhi\u00ean c\u00f3 th\u1ec3 s\u1ebd kh\u00f4ng tr\u00e1nh kh\u1ecfi nh\u1eefng thi\u1ebfu s\u00f3t ngo\u00e0i mong mu\u1ed1n. Hy v\u1ecdng qu\u00fd b\u1ea1n \u0111\u1ecdc nhi\u1ec7t t\u00ecnh g\u00f3p \u00fd v\u1ec1 <strong>\u0111\u1ecba ch\u1ec9 <\/strong><b>email:  clbnoikhoa@huemed-univ.edu.vn<\/b> \u0111\u1ec3 s\u1ea3n ph\u1ea9m ng\u00e0y c\u00e0ng ho\u00e0n thi\u1ec7n. Xin c\u00e1m \u01a1n t\u1ea5t c\u1ea3 c\u00e1c \u0111\u1ed9c gi\u1ea3 \u0111\u00e3 c\u00f9ng \u0111\u1ed3ng h\u00e0nh c\u00f9ng CLB N\u1ed9i Khoa Sinh vi\u00ean Y D\u01b0\u1ee3c Hu\u1ebf trong th\u1eddi gian qua! <br>  <\/p><\/p>\n\n\n\n<figure class=\"wp-block-image\"><img decoding=\"async\" loading=\"lazy\" width=\"1024\" height=\"683\" src=\"https:\/\/clbnoikhoasvydh.com\/wp-content\/uploads\/2022\/08\/b516aec4f6f933a76ae8-1024x683.jpg\" alt=\"\" class=\"wp-image-739\" srcset=\"http:\/\/clbnoikhoasvydh.com\/wp-content\/uploads\/2022\/08\/b516aec4f6f933a76ae8-1024x683.jpg 1024w, http:\/\/clbnoikhoasvydh.com\/wp-content\/uploads\/2022\/08\/b516aec4f6f933a76ae8-360x240.jpg 360w, http:\/\/clbnoikhoasvydh.com\/wp-content\/uploads\/2022\/08\/b516aec4f6f933a76ae8-768x512.jpg 768w\" sizes=\"(max-width: 1024px) 100vw, 1024px\" \/><\/figure>\n\n\n\n<p class=\"has-text-align-right\">Nh\u00f3m bi\u00ean so\u1ea1n CLB N\u1ed9i Khoa Sinh vi\u00ean Y D\u01b0\u1ee3c Hu\u1ebf <\/p>\n","protected":false},"excerpt":{"rendered":"<p>Y h\u1ecdc b\u1eb1ng ch\u1ee9ng l\u00e0 kh\u00e1i ni\u1ec7m kh\u00f4ng c\u00f2n qu\u00e1 xa l\u1ea1 \u0111\u1ed1i v\u1edbi c\u00e1c b\u00e1c s\u0129 l\u00e2m s\u00e0ng. S\u1ef1 ra \u0111\u1eddi c\u1ee7a y h\u1ecdc b\u1eb1ng ch\u1ee9ng \u0111\u00e3 l\u00e0m thay \u0111\u1ed5i nh\u1eadn th\u1ee9c v\u1ec1 t\u01b0 duy \u0111i\u1ec1u tr\u1ecb. D\u1ef1a v\u00e0o<\/p>\n","protected":false},"author":1,"featured_media":746,"parent":0,"menu_order":0,"comment_status":"closed","ping_status":"closed","template":"","meta":[],"_links":{"self":[{"href":"http:\/\/clbnoikhoasvydh.com\/index.php\/wp-json\/wp\/v2\/pages\/101"}],"collection":[{"href":"http:\/\/clbnoikhoasvydh.com\/index.php\/wp-json\/wp\/v2\/pages"}],"about":[{"href":"http:\/\/clbnoikhoasvydh.com\/index.php\/wp-json\/wp\/v2\/types\/page"}],"author":[{"embeddable":true,"href":"http:\/\/clbnoikhoasvydh.com\/index.php\/wp-json\/wp\/v2\/users\/1"}],"replies":[{"embeddable":true,"href":"http:\/\/clbnoikhoasvydh.com\/index.php\/wp-json\/wp\/v2\/comments?post=101"}],"version-history":[{"count":20,"href":"http:\/\/clbnoikhoasvydh.com\/index.php\/wp-json\/wp\/v2\/pages\/101\/revisions"}],"predecessor-version":[{"id":1084,"href":"http:\/\/clbnoikhoasvydh.com\/index.php\/wp-json\/wp\/v2\/pages\/101\/revisions\/1084"}],"wp:featuredmedia":[{"embeddable":true,"href":"http:\/\/clbnoikhoasvydh.com\/index.php\/wp-json\/wp\/v2\/media\/746"}],"wp:attachment":[{"href":"http:\/\/clbnoikhoasvydh.com\/index.php\/wp-json\/wp\/v2\/media?parent=101"}],"curies":[{"name":"wp","href":"https:\/\/api.w.org\/{rel}","templated":true}]}}