{"id":104,"date":"2019-07-24T15:42:41","date_gmt":"2019-07-24T15:42:41","guid":{"rendered":"http:\/\/clbnoikhoaydh.com\/clbnoikhoa\/?page_id=104"},"modified":"2019-08-28T20:55:07","modified_gmt":"2019-08-28T13:55:07","slug":"dem-chung-ket-dvnk","status":"publish","type":"page","link":"https:\/\/clbnoikhoasvydh.com\/index.php\/dem-chung-ket-dvnk\/","title":{"rendered":"\u0110VNK VI"},"content":{"rendered":"\n<p><p style=\"color:#000000; text-align:justify\">\u0110\u1ed1 vui N\u1ed9i khoa VI (2017 \u2013 2018) ch\u1ee9ng ki\u1ebfn h\u00e0nh tr\u00ecnh n\u00f3ng nh\u1ea5t ngay t\u1eeb V\u00f2ng lo\u1ea1i v\u1edbi 20 \u0111\u1ed9i ch\u01a1i \u0111\u1ebfn t\u1eeb 12 l\u1edbp Y4. V\u00e0 t\u1ea1i \u0111\u00e2y, BTC \u0111\u00e3 ph\u1ea3i s\u1eed d\u1ee5ng t\u1edbi 2 g\u00f3i c\u00e2u h\u1ecfi ph\u1ee5 cho 2 l\u1edbp (m\u1ed7i l\u1edbp c\u00f3 2 \u0111\u1ed9i thi c\u00f3 s\u1ed1 \u0111i\u1ec3m b\u1eb1ng nhau) m\u1edbi c\u00f3 th\u1ec3 quy\u1ebft \u0111\u1ecbnh \u0111\u01b0\u1ee3c 04 c\u00e1i t\u00ean gi\u00e0nh \u0111\u01b0\u1ee3c v\u00e9 v\u00e0o V\u00f2ng Chung k\u1ebft theo nh\u01b0 th\u1ec3 l\u1ec7 c\u1ee7a Ban T\u1ed5 ch\u1ee9c. <\/p>\n\n\n\n<p style=\"color:#000000; text-align:justify\">04 \u0111\u1ed9i ch\u01a1i, g\u1ed3m: <li style=\"color:#000000\">XXY \u0111\u1ebfn t\u1eeb l\u1edbp Y4B <\/li><li style=\"color:#000000\">MRise \u0111\u1ebfn t\u1eeb l\u1edbp Y4M<\/li>  <li style=\"color:#000000\">TNO \u2013 The Normal One \u0111\u1ebfn t\u1eeb l\u1edbp Y4K<\/li> <li style=\"color:#000000\">BINGO \u0111\u1ebfn t\u1eeb l\u1edbp Y4E<\/li><\/ul>  <\/p>\n\n\n\n<div class=\"wp-block-image\"><figure class=\"aligncenter\"><img decoding=\"async\" loading=\"lazy\" width=\"706\" height=\"457\" src=\"http:\/\/clbnoikhoasvydh.com\/wp-content\/uploads\/2019\/08\/\u1ea3nh-ha.png\" alt=\"\" class=\"wp-image-360\" srcset=\"https:\/\/clbnoikhoasvydh.com\/wp-content\/uploads\/2019\/08\/\u1ea3nh-ha.png 706w, https:\/\/clbnoikhoasvydh.com\/wp-content\/uploads\/2019\/08\/\u1ea3nh-ha-360x233.png 360w\" sizes=\"(max-width: 706px) 100vw, 706px\" \/><figcaption>Danh s\u00e1ch 04 \u0110\u1ed9i ch\u01a1i gi\u00e0nh quy\u1ec1n v\u00e0o V\u00f2ng Chung k\u1ebft \u0110VNK VI<\/figcaption><\/figure><\/div>\n\n\n\n<p><p style=\"color:#000000; text-align:justify\">T\u1ea1i V\u00f2ng Chung k\u1ebft, MRise \u0111\u1ebfn t\u1eeb l\u1edbp Y4M \u0111\u00e3 xu\u1ea5t s\u1eafc chinh ph\u1ee5c V\u00f2ng Nguy\u1ec7t qu\u1ebf c\u1ee7a Ch\u01b0\u01a1ng tr\u00ecnh v\u1edbi s\u1ed1 \u0111i\u1ec3m v\u00f4 c\u00f9ng \u1ea5n t\u01b0\u1ee3ng. C\u00e1n \u0111\u00edch \u1edf v\u1ecb tr\u00ed th\u1ee9 02 l\u00e0 3 ch\u00e0ng trai \u0111\u1ebfn t\u1eeb l\u1edbp Y4K \u2013 The Normal One. BINGO \u0111\u1ebfn t\u1eeb Y4E v\u00e0 XXY \u0111\u1ebfn t\u1eeb Y4B c\u00f9ng \u0111\u1ed3ng v\u1ecb tr\u00ed th\u1ee9 03.<\/p>\n\n\n\n<p><p style=\"color:#000000; text-align:justify\">CLB N\u1ed9i khoa Sinh vi\u00ean xin ch\u00e2n th\u00e0nh c\u1ea3m \u01a1n BCH \u0110o\u00e0n tr\u01b0\u1eddng \u0110\u1ea1i h\u1ecdc Y D\u01b0\u1ee3c Hu\u1ebf \u0111\u00e3 lu\u00f4n h\u1ed7 tr\u1ee3, t\u1ea1o \u0111i\u1ec1u ki\u1ec7n cho cu\u1ed9c thi di\u1ec5n ra th\u00e0nh c\u00f4ng t\u1ed1t \u0111\u1eb9p. <\/p>\n\n\n\n<p><p style=\"color:#000000; text-align:justify\">Ch\u00fang em c\u0169ng xin g\u1eedi l\u1eddi c\u1ea3m \u01a1n ch\u00e2n th\u00e0nh nh\u1ea5t \u0111\u1ebfn Ban ch\u1ee7 nhi\u1ec7m, qu\u00fd Th\u1ea7y c\u00f4 B\u1ed9 m\u00f4n N\u1ed9i \u0111\u00e3 lu\u00f4n \u1ee7ng h\u1ed9 v\u00e0 gi\u00fap \u0111\u1ee1 ch\u00fang em t\u1ed5 ch\u1ee9c m\u1ed9t s\u00e2n ch\u01a1i b\u1ed5 \u00edch cho c\u00e1c b\u1ea1n sinh vi\u00ean D\u01b0\u1ee3c Hu\u1ebf.<\/p>\n\n\n\n<div class=\"wp-block-image\"><figure class=\"aligncenter\"><img decoding=\"async\" loading=\"lazy\" width=\"1024\" height=\"683\" src=\"http:\/\/clbnoikhoasvydh.com\/wp-content\/uploads\/2019\/08\/IMG_4175-1024x683.jpg\" alt=\"\" class=\"wp-image-369\" srcset=\"https:\/\/clbnoikhoasvydh.com\/wp-content\/uploads\/2019\/08\/IMG_4175-1024x683.jpg 1024w, https:\/\/clbnoikhoasvydh.com\/wp-content\/uploads\/2019\/08\/IMG_4175-360x240.jpg 360w, https:\/\/clbnoikhoasvydh.com\/wp-content\/uploads\/2019\/08\/IMG_4175-768x512.jpg 768w\" sizes=\"(max-width: 1024px) 100vw, 1024px\" \/><figcaption>GS.TS.BS Tr\u1ea7n H\u1eefu D\u00e0ng ph\u00e1t bi\u1ec3u khai m\u1ea1c Ch\u01b0\u01a1ng tr\u00ecnh<\/figcaption><\/figure><\/div>\n\n\n\n<p><p style=\"color:#000000; text-align:justify\">Ch\u00fang em xin \u0111\u01b0\u1ee3c g\u1eedi l\u1eddi c\u1ea3m \u01a1n \u0111\u1ebfn qu\u00fd Th\u1ea7y c\u00f4 BGK: GS.TS.BS Tr\u1ea7n H\u1eefu D\u00e0ng, GS.TS. BS Hu\u1ef3nh V\u0103n Minh, PGS.TS.BS Nguy\u1ec5n Th\u1ecb B\u00edch Thu\u1eadn, PGS.TS.BS Ho\u00e0ng B\u00f9i B\u1ea3o, PGS.TS.BS Ho\u00e0ng Anh Ti\u1ebfn, ThS. BSCKII. Phan Th\u1ecb H\u1ed3ng Di\u1ec7p, ThS.BSCKII. \u0110\u00e0o Th\u1ecb V\u00e2n Kh\u00e1nh, ThS.Tr\u1ea7n Quang Trung, ThS.BS. Tr\u1ea7n Th\u1ecb Ph\u01b0\u1edbc Y\u00ean \u0111\u00e3 d\u00e0nh th\u1eddi gian tham gia ch\u01b0\u01a1ng tr\u00ecnh v\u00e0 \u0111\u01b0a ra nh\u1eefng l\u1eddi nh\u1eadn x\u00e9t b\u1ed5 \u00edch cho c\u00e1c \u0111\u1ed9i ch\u01a1i.<\/p>\n\n\n\n<figure class=\"wp-block-image\"><img decoding=\"async\" loading=\"lazy\" width=\"1024\" height=\"683\" src=\"http:\/\/clbnoikhoasvydh.com\/wp-content\/uploads\/2019\/08\/CK-DVNK-108-1024x683.jpg\" alt=\"\" class=\"wp-image-359\" srcset=\"https:\/\/clbnoikhoasvydh.com\/wp-content\/uploads\/2019\/08\/CK-DVNK-108-1024x683.jpg 1024w, https:\/\/clbnoikhoasvydh.com\/wp-content\/uploads\/2019\/08\/CK-DVNK-108-360x240.jpg 360w, https:\/\/clbnoikhoasvydh.com\/wp-content\/uploads\/2019\/08\/CK-DVNK-108-768x512.jpg 768w\" sizes=\"(max-width: 1024px) 100vw, 1024px\" \/><figcaption>Qu\u00fd Th\u1ea7y c\u00f4 B\u1ed9 m\u00f4n N\u1ed9i &#8211; Tr\u01b0\u1eddng \u0110H Y D\u01b0\u1ee3c Hu\u1ebf l\u00e0 BGK cho Ch\u01b0\u01a1ng tr\u00ecnh \u0110VNK VI<\/figcaption><\/figure>\n\n\n\n<p><p style=\"color:#000000; text-align:justify\">Ban t\u1ed5 ch\u1ee9c Ch\u01b0\u01a1ng tr\u00ecnh xin \u0111\u01b0\u1ee3c g\u1eedi \u0111\u1ebfn l\u1eddi c\u1ea3m \u01a1n t\u1edbi s\u1ef1 \u0111\u1ed3ng h\u00e0nh c\u1ee7a qu\u00fd nh\u00e0 t\u00e0i tr\u1ee3: Ph\u00f2ng kh\u00e1m chuy\u00ean khoa Da li\u1ec5u BS. Th\u1ea1ch v\u00e0 BS. Ph\u01b0\u01a1ng, M\u1eaft k\u00ednh Long Ho\u00e0ng Th\u00e0nh, C\u00f4ng ty In \u1ea5n Hi\u1ec7p Ph\u01b0\u1edbc, C\u00f4ng ty GUU Uniform v\u00e0 C\u00f4ng ty TNHH D\u01b0\u1ee3c ph\u1ea9m Thu\u1eadn Th\u1ea3o. S\u1ef1 h\u1ed7 tr\u1ee3 c\u1ee7a c\u00e1c qu\u00fd nh\u00e0 t\u00e0i tr\u1ee3 ch\u00ednh l\u00e0 \u0111\u1ed9ng l\u1ef1c to l\u1edbn cho BTC, g\u00f3p ph\u1ea7n v\u00e0o s\u1ef1 th\u00e0nh c\u00f4ng t\u1ed1t \u0111\u1eb9p c\u1ee7a cu\u1ed9c thi.<\/p>\n\n\n\n<div class=\"wp-block-image\"><figure class=\"aligncenter\"><img decoding=\"async\" loading=\"lazy\" width=\"1024\" height=\"576\" src=\"http:\/\/clbnoikhoasvydh.com\/wp-content\/uploads\/2019\/08\/CK-DVNK-43-1024x576.jpg\" alt=\"\" class=\"wp-image-362\" srcset=\"https:\/\/clbnoikhoasvydh.com\/wp-content\/uploads\/2019\/08\/CK-DVNK-43-1024x576.jpg 1024w, https:\/\/clbnoikhoasvydh.com\/wp-content\/uploads\/2019\/08\/CK-DVNK-43-360x203.jpg 360w, https:\/\/clbnoikhoasvydh.com\/wp-content\/uploads\/2019\/08\/CK-DVNK-43-768x432.jpg 768w\" sizes=\"(max-width: 1024px) 100vw, 1024px\" \/><figcaption>PGS.TS.BS Ho\u00e0ng B\u00f9i B\u1ea3o trao B\u1eb1ng khen v\u00e0 hoa cho Qu\u00fd nh\u00e0 T\u00e0i tr\u1ee3<\/figcaption><\/figure><\/div>\n\n\n\n<p><p style=\"color:#000000; text-align:justify\"> V\u00e0 \u0111\u1eb7c bi\u1ec7t c\u1ea3m \u01a1n s\u1ef1 \u1ee7ng h\u1ed9 c\u1ee7a t\u1ea5t c\u1ea3 \u0111\u00f4ng \u0111\u1ea3o c\u00e1c b\u1ea1n sinh vi\u00ean tr\u01b0\u1eddng \u0110H Y D\u01b0\u1ee3c Hu\u1ebf, c\u0169ng nh\u01b0 CLB Ngh\u1ec7 thu\u1eadt &#8211; Tr\u01b0\u1eddng \u0110H Y D\u01b0\u1ee3c Hu\u1ebf. S\u1ef1 c\u00f3 m\u1eb7t c\u1ee7a c\u00e1c c\u00e1c b\u1ea1n ch\u00ednh l\u00e0 ngu\u1ed3n s\u1ee9c m\u1ea1nh to l\u1edbn \u0111\u1ec3 c\u00e1c \u0111\u1ed9i ch\u01a1i c\u0169ng nh\u01b0 BTC c\u00f3 th\u1ec3 mang t\u1edbi nh\u1eefng ph\u1ea7n so t\u00e0i h\u1ea5p d\u1eabn \u0111\u1ebfn v\u1edbi t\u1ea5t c\u1ea3 m\u1ecdi ng\u01b0\u1eddi.<\/p>\n\n\n\n<div class=\"wp-block-image\"><figure class=\"aligncenter\"><img decoding=\"async\" loading=\"lazy\" width=\"1024\" height=\"683\" src=\"http:\/\/clbnoikhoasvydh.com\/wp-content\/uploads\/2019\/08\/IMG_4222-1024x683.jpg\" alt=\"\" class=\"wp-image-361\" srcset=\"https:\/\/clbnoikhoasvydh.com\/wp-content\/uploads\/2019\/08\/IMG_4222-1024x683.jpg 1024w, https:\/\/clbnoikhoasvydh.com\/wp-content\/uploads\/2019\/08\/IMG_4222-360x240.jpg 360w, https:\/\/clbnoikhoasvydh.com\/wp-content\/uploads\/2019\/08\/IMG_4222-768x512.jpg 768w\" sizes=\"(max-width: 1024px) 100vw, 1024px\" \/><figcaption>S\u1ee9c n\u00f3ng t\u1eeb h\u00e0ng tr\u0103m C\u1ed5 \u0111\u1ed9ng vi\u00ean \u1edf H\u1ed9i tr\u01b0\u1eddng A &#8211; Tr\u01b0\u1eddng \u0110H Y D\u01b0\u1ee3c Hu\u1ebf  <\/figcaption><\/figure><\/div>\n\n\n\n<p><p style=\"color:#000000; text-align:justify\">M\u1ed9t s\u1ed1 h\u00ecnh \u1ea3nh t\u1eeb V\u00f2ng Chung k\u1ebft \u0110VNK VI<\/p>\n\n\n\n<div class=\"wp-block-image\"><figure class=\"aligncenter\"><img decoding=\"async\" loading=\"lazy\" width=\"1024\" height=\"576\" src=\"http:\/\/clbnoikhoasvydh.com\/wp-content\/uploads\/2019\/08\/CK-DVNK-159-1024x576.jpg\" alt=\"\" class=\"wp-image-363\" srcset=\"https:\/\/clbnoikhoasvydh.com\/wp-content\/uploads\/2019\/08\/CK-DVNK-159-1024x576.jpg 1024w, https:\/\/clbnoikhoasvydh.com\/wp-content\/uploads\/2019\/08\/CK-DVNK-159-360x202.jpg 360w, https:\/\/clbnoikhoasvydh.com\/wp-content\/uploads\/2019\/08\/CK-DVNK-159-768x432.jpg 768w\" sizes=\"(max-width: 1024px) 100vw, 1024px\" \/><figcaption>Ban T\u1ed5 ch\u1ee9c Ch\u01b0\u01a1ng tr\u00ecnh \u0110VNK VI (2017 &#8211; 2018)<\/figcaption><\/figure><\/div>\n\n\n\n<div class=\"wp-block-image\"><figure class=\"aligncenter\"><img decoding=\"async\" loading=\"lazy\" width=\"1024\" height=\"683\" src=\"http:\/\/clbnoikhoasvydh.com\/wp-content\/uploads\/2019\/08\/IMG_4063-1024x683.jpg\" alt=\"\" class=\"wp-image-368\" srcset=\"https:\/\/clbnoikhoasvydh.com\/wp-content\/uploads\/2019\/08\/IMG_4063-1024x683.jpg 1024w, https:\/\/clbnoikhoasvydh.com\/wp-content\/uploads\/2019\/08\/IMG_4063-360x240.jpg 360w, https:\/\/clbnoikhoasvydh.com\/wp-content\/uploads\/2019\/08\/IMG_4063-768x512.jpg 768w\" sizes=\"(max-width: 1024px) 100vw, 1024px\" \/><figcaption>BTC mi\u1ec7t m\u00e0i chu\u1ea9n b\u1ecb cho V\u00f2ng Chung k\u1ebft \u0110VNK VI<\/figcaption><\/figure><\/div>\n\n\n\n<div class=\"wp-block-image\"><figure class=\"aligncenter\"><img decoding=\"async\" loading=\"lazy\" width=\"1024\" height=\"576\" src=\"http:\/\/clbnoikhoasvydh.com\/wp-content\/uploads\/2019\/08\/CK-DVNK-150-1024x576.jpg\" alt=\"\" class=\"wp-image-364\" srcset=\"https:\/\/clbnoikhoasvydh.com\/wp-content\/uploads\/2019\/08\/CK-DVNK-150-1024x576.jpg 1024w, https:\/\/clbnoikhoasvydh.com\/wp-content\/uploads\/2019\/08\/CK-DVNK-150-360x203.jpg 360w, https:\/\/clbnoikhoasvydh.com\/wp-content\/uploads\/2019\/08\/CK-DVNK-150-768x432.jpg 768w\" sizes=\"(max-width: 1024px) 100vw, 1024px\" \/><figcaption>MRise xu\u1ea5t s\u1eafc chinh ph\u1ee5c Qu\u00e1n qu\u00e2n \u0110VNK VI <\/figcaption><\/figure><\/div>\n\n\n\n<div class=\"wp-block-image\"><figure class=\"aligncenter\"><img decoding=\"async\" loading=\"lazy\" width=\"1024\" height=\"683\" src=\"http:\/\/clbnoikhoasvydh.com\/wp-content\/uploads\/2019\/08\/CK-DVNK-142-1024x683.jpg\" alt=\"\" class=\"wp-image-365\" srcset=\"https:\/\/clbnoikhoasvydh.com\/wp-content\/uploads\/2019\/08\/CK-DVNK-142-1024x683.jpg 1024w, https:\/\/clbnoikhoasvydh.com\/wp-content\/uploads\/2019\/08\/CK-DVNK-142-360x240.jpg 360w, https:\/\/clbnoikhoasvydh.com\/wp-content\/uploads\/2019\/08\/CK-DVNK-142-768x512.jpg 768w\" sizes=\"(max-width: 1024px) 100vw, 1024px\" \/><figcaption>The Normal One (TNO) &#8211; \u00c1 qu\u00e2n \u0110VNK VI<\/figcaption><\/figure><\/div>\n\n\n\n<div class=\"wp-block-image\"><figure class=\"aligncenter\"><img decoding=\"async\" loading=\"lazy\" width=\"1024\" height=\"683\" src=\"http:\/\/clbnoikhoasvydh.com\/wp-content\/uploads\/2019\/08\/IMG_4315-1024x683.jpg\" alt=\"\" class=\"wp-image-366\" srcset=\"https:\/\/clbnoikhoasvydh.com\/wp-content\/uploads\/2019\/08\/IMG_4315-1024x683.jpg 1024w, https:\/\/clbnoikhoasvydh.com\/wp-content\/uploads\/2019\/08\/IMG_4315-360x240.jpg 360w, https:\/\/clbnoikhoasvydh.com\/wp-content\/uploads\/2019\/08\/IMG_4315-768x512.jpg 768w\" sizes=\"(max-width: 1024px) 100vw, 1024px\" \/><figcaption>BINGO v\u00e0 XXY \u0111\u1ed3ng gi\u1ea3i ba \u0110VNK VI<\/figcaption><\/figure><\/div>\n\n\n\n<div class=\"wp-block-image\"><figure class=\"aligncenter\"><img decoding=\"async\" loading=\"lazy\" width=\"1024\" height=\"683\" src=\"http:\/\/clbnoikhoasvydh.com\/wp-content\/uploads\/2019\/08\/CK-DVNK-11-1024x683.jpg\" alt=\"\" class=\"wp-image-367\" srcset=\"https:\/\/clbnoikhoasvydh.com\/wp-content\/uploads\/2019\/08\/CK-DVNK-11-1024x683.jpg 1024w, https:\/\/clbnoikhoasvydh.com\/wp-content\/uploads\/2019\/08\/CK-DVNK-11-360x240.jpg 360w, https:\/\/clbnoikhoasvydh.com\/wp-content\/uploads\/2019\/08\/CK-DVNK-11-768x512.jpg 768w\" sizes=\"(max-width: 1024px) 100vw, 1024px\" \/><figcaption>Ti\u1ebft m\u1ee5c V\u0103n ngh\u1ec7 \u0111\u1ebfn t\u1eeb CLB Ngh\u1ec7 thu\u1eadt<\/figcaption><\/figure><\/div>\n\n\n\n<figure class=\"wp-block-image\"><img alt=\"\"\/><\/figure>\n","protected":false},"excerpt":{"rendered":"<p>\u0110\u1ed1 vui N\u1ed9i khoa VI (2017 \u2013 2018) ch\u1ee9ng ki\u1ebfn h\u00e0nh tr\u00ecnh n\u00f3ng nh\u1ea5t ngay t\u1eeb V\u00f2ng lo\u1ea1i v\u1edbi 20 \u0111\u1ed9i ch\u01a1i \u0111\u1ebfn t\u1eeb 12 l\u1edbp Y4. V\u00e0 t\u1ea1i \u0111\u00e2y, BTC \u0111\u00e3 ph\u1ea3i s\u1eed d\u1ee5ng t\u1edbi 2 g\u00f3i c\u00e2u h\u1ecfi<\/p>\n","protected":false},"author":1,"featured_media":113,"parent":0,"menu_order":0,"comment_status":"closed","ping_status":"closed","template":"","meta":[],"_links":{"self":[{"href":"https:\/\/clbnoikhoasvydh.com\/index.php\/wp-json\/wp\/v2\/pages\/104"}],"collection":[{"href":"https:\/\/clbnoikhoasvydh.com\/index.php\/wp-json\/wp\/v2\/pages"}],"about":[{"href":"https:\/\/clbnoikhoasvydh.com\/index.php\/wp-json\/wp\/v2\/types\/page"}],"author":[{"embeddable":true,"href":"https:\/\/clbnoikhoasvydh.com\/index.php\/wp-json\/wp\/v2\/users\/1"}],"replies":[{"embeddable":true,"href":"https:\/\/clbnoikhoasvydh.com\/index.php\/wp-json\/wp\/v2\/comments?post=104"}],"version-history":[{"count":7,"href":"https:\/\/clbnoikhoasvydh.com\/index.php\/wp-json\/wp\/v2\/pages\/104\/revisions"}],"predecessor-version":[{"id":381,"href":"https:\/\/clbnoikhoasvydh.com\/index.php\/wp-json\/wp\/v2\/pages\/104\/revisions\/381"}],"wp:featuredmedia":[{"embeddable":true,"href":"https:\/\/clbnoikhoasvydh.com\/index.php\/wp-json\/wp\/v2\/media\/113"}],"wp:attachment":[{"href":"https:\/\/clbnoikhoasvydh.com\/index.php\/wp-json\/wp\/v2\/media?parent=104"}],"curies":[{"name":"wp","href":"https:\/\/api.w.org\/{rel}","templated":true}]}}