{"id":107,"date":"2019-07-24T15:44:37","date_gmt":"2019-07-24T15:44:37","guid":{"rendered":"http:\/\/clbnoikhoaydh.com\/clbnoikhoa\/?page_id=107"},"modified":"2019-08-30T05:39:44","modified_gmt":"2019-08-29T22:39:44","slug":"dvnk-vii","status":"publish","type":"page","link":"https:\/\/clbnoikhoasvydh.com\/index.php\/dvnk-vii\/","title":{"rendered":"\u0110VNK VII"},"content":{"rendered":"\n<p><p style=\"color:#000000; text-align:justify\"> \u0110\u1ed1 vui N\u1ed9i khoa l\u1ea7n th\u1ee9 VII (2018 &#8211; 2019) \u0111\u00e3 kh\u1edfi \u0111\u1ed9ng V\u00f2ng lo\u1ea1i v\u1edbi 13 \u0111\u1ed9i ch\u01a1i \u0111\u1ebfn t\u1eeb 8 l\u1edbp Y4 \u0110a khoa. T\u1ea1i G\u0110 1.07B, sau 90 ph\u00fat c\u0103ng th\u1eb3ng v\u1edbi \u0110\u1ec1 thi v\u00f2ng lo\u1ea1i t\u1eeb BTC, 4 c\u00e1i t\u00ean xu\u1ea5t s\u1eafc \u0111\u00e3 gi\u00e0nh v\u00e9 v\u00e0o V\u00f2ng Chung k\u1ebft, g\u1ed3m: <li style=\"color:#000000\"> ACTH &#8211; \u0111\u1ebfn t\u1eeb l\u1edbp Y4A<\/li> <li style=\"color:#000000\"> NTC &#8211; \u0111\u1ebfn t\u1eeb l\u1edbp Y4C <\/li> <li style=\"color:#000000\">DHA &#8211; \u0111\u1ebfn t\u1eeb l\u1edbp Y4D<\/li> <li style=\"color:#000000\"> ESC &#8211; \u0111\u1ebfn t\u1eeb l\u1edbp Y4E<\/li><\/p>\n\n\n\n<div class=\"wp-block-image\"><figure class=\"aligncenter\"><img decoding=\"async\" loading=\"lazy\" width=\"800\" height=\"450\" src=\"http:\/\/clbnoikhoasvydh.com\/wp-content\/uploads\/2019\/08\/55441110_850802041922773_795673774262321152_n.png\" alt=\"\" class=\"wp-image-379\" srcset=\"https:\/\/clbnoikhoasvydh.com\/wp-content\/uploads\/2019\/08\/55441110_850802041922773_795673774262321152_n.png 800w, https:\/\/clbnoikhoasvydh.com\/wp-content\/uploads\/2019\/08\/55441110_850802041922773_795673774262321152_n-360x203.png 360w, https:\/\/clbnoikhoasvydh.com\/wp-content\/uploads\/2019\/08\/55441110_850802041922773_795673774262321152_n-768x432.png 768w\" sizes=\"(max-width: 800px) 100vw, 800px\" \/><figcaption>Danh s\u00e1ch 4 \u0111\u1ed9i ch\u01a1i gi\u00e0nh quy\u1ec1n v\u00e0o V\u00f2ng Chung k\u1ebft \u0110VNK VII (2018 &#8211; 2019)<\/figcaption><\/figure><\/div>\n\n\n\n<p><p style=\"color:#000000; text-align:justify\"> \u0110\u1ebfn v\u1edbi \u0111\u00eam chung k\u1ebft c\u1ee7a ch\u01b0\u01a1ng tr\u00ecnh n\u0103m nay, BTC v\u00f4 c\u00f9ng vinh d\u1ef1 khi c\u00f3 s\u1ef1 xu\u1ea5t hi\u1ec7n c\u1ee7a c\u00e1c Th\u1ea7y C\u00f4 trong Ban gi\u00e1m hi\u1ec7u Nh\u00e0 tr\u01b0\u1eddng v\u00e0 c\u00e1c Th\u1ea7y C\u00f4 gi\u00e1o B\u1ed9 m\u00f4n N\u1ed9i:<br>&#8211; Th\u1ea7y PGS.TS. Nguy\u1ec5n V\u0169 Qu\u1ed1c Huy &#8211; Ph\u00f3 Hi\u1ec7u tr\u01b0\u1edfng Tr\u01b0\u1eddng \u0110H Y D\u01b0\u1ee3c Hu\u1ebf.<br>&#8211; Th\u1ea7y GS.TS. Hu\u1ef3nh V\u0103n Minh &#8211; Nguy\u00ean Tr\u01b0\u1edfng B\u1ed9 m\u00f4n N\u1ed9i, Ph\u00f3 Ch\u1ee7 t\u1ecbch H\u1ed9i Tim m\u1ea1ch h\u1ecdc Vi\u1ec7t Nam, Ch\u1ee7 t\u1ecbch H\u1ed9i THA Vi\u1ec7t Nam.<br>&#8211; Th\u1ea7y PGS.TS. Ho\u00e0ng B\u00f9i B\u1ea3o &#8211;\u00a0Ph\u00f3 Ch\u1ee7 nhi\u1ec7m B\u1ed9 m\u00f4n N\u1ed9i<br>&#8211; Th\u1ea7y PGS.TS. Nguy\u1ec5n \u0110\u00ecnh To\u00e0n &#8211; Gi\u1ea3ng vi\u00ean B\u1ed9 m\u00f4n N\u1ed9i, Tr\u01b0\u1edfng BTC \u0110VNK VII.<br>&#8211; C\u00f9ng s\u1ef1 c\u00f3 c\u1ee7a c\u00e1c qu\u00fd Th\u1ea7y c\u00f4 trong B\u1ed9 m\u00f4n N\u1ed9i. <\/p>\n\n\n\n<div class=\"wp-block-image\"><figure class=\"aligncenter\"><img decoding=\"async\" loading=\"lazy\" width=\"640\" height=\"960\" src=\"http:\/\/clbnoikhoasvydh.com\/wp-content\/uploads\/2019\/08\/58883099_873037866365857_3117173919249858560_n.jpg\" alt=\"\" class=\"wp-image-376\" srcset=\"https:\/\/clbnoikhoasvydh.com\/wp-content\/uploads\/2019\/08\/58883099_873037866365857_3117173919249858560_n.jpg 640w, https:\/\/clbnoikhoasvydh.com\/wp-content\/uploads\/2019\/08\/58883099_873037866365857_3117173919249858560_n-240x360.jpg 240w\" sizes=\"(max-width: 640px) 100vw, 640px\" \/><figcaption>PGS.TS.BS Nguy\u1ec5n V\u00f5 Qu\u1ed1c Huy &#8211; Ph\u00f3 Hi\u1ec7u tr\u01b0\u1edfng Tr\u01b0\u1eddng \u0110H Y D\u01b0\u1ee3c Hu\u1ebf<\/figcaption><\/figure><\/div>\n\n\n\n<p> <p style=\"color:#000000; text-align:justify\">Tr\u1ea3i qua 4 v\u00f2ng thi gay c\u1ea5n, NTC v\u1edbi 3 th\u00e0nh vi\u00ean \u0111\u1ebfn t\u1eeb l\u1edbp Y4C \u0111\u00e3 gi\u00e0nh chi\u1ebfn th\u1eafng chung cu\u1ed9c v\u00e0 tr\u1edf th\u00e0nh nh\u00e0 v\u00f4 \u0111\u1ecbch ti\u1ebfp theo c\u1ee7a \u0110\u1ed1 Vui N\u1ed9i Khoa VII.<br> C\u00e1n \u0111\u00edch \u1edf v\u1ecb tr\u00ed th\u1ee9 hai l\u00e0 hai \u0111\u1ed9i ch\u01a1i ACTH \u0111\u1ebfn t\u1eeb l\u1edbp Y4A v\u00e0 DHA \u0111\u1ebfn t\u1eeb l\u1edbp Y4D.<br> ESC \u0111\u1ebfn t\u1eeb l\u1edbp Y4E \u0111\u00e3 v\u1ec1 \u0111\u00edch \u1edf v\u1ecb tr\u00ed th\u1ee9 ba.<\/p>\n\n\n\n<p> <p style=\"color:#000000; text-align:justify\">CLB N\u1ed9i Khoa c\u00f9ng Ban T\u1ed5 ch\u1ee9c c\u1ee7a ch\u01b0\u01a1ng tr\u00ecnh xin g\u1eedi l\u1eddi c\u1ea3m \u01a1n ch\u00e2n th\u00e0nh nh\u1ea5t \u0111\u1ebfn BCH \u0110o\u00e0n tr\u01b0\u1eddng, qu\u00fd Th\u1ea7y c\u00f4, c\u00e1c anh ch\u1ecb B\u00e1c s\u0129, c\u00e1c CLB &#8211; \u0110\u1ed9i &#8211; Nh\u00f3m, c\u00f9ng c\u00e1c b\u1ea1n kh\u00e1n gi\u1ea3 \u0111\u00e3 \u0111\u1ebfn H\u1ed9i tr\u01b0\u1eddng A \u0111\u1ec3 c\u1ed5 v\u0169 v\u00e0 \u0111\u1ed3ng h\u00e0nh c\u00f9ng c\u00e1c \u0110\u1ed9i ch\u01a1i. S\u1ee9c n\u00f3ng kh\u00f4ng ch\u1ec9 \u0111\u1ebfn t\u1eeb s\u00e2n kh\u1ea5u c\u1ee7a Ch\u01b0\u01a1ng tr\u00ecnh m\u00e0 c\u00f2n tr\u1edf n\u00ean n\u00f3ng h\u01a1n n\u1eefa, cu\u1ed3ng nhi\u1ec7t h\u01a1n n\u1eefa b\u1edfi s\u1ef1 c\u1ed5 v\u0169 nhi\u1ec7t t\u00ecnh v\u00e0 h\u1ebft m\u00ecnh \u0111\u1ebfn t\u1eeb t\u1ea5t c\u1ea3 c\u00e1c b\u1ea1n, kh\u00f4ng c\u00f2n m\u1ed9t ch\u1ed7 tr\u1ed1ng n\u00e0o trong H\u1ed9i tr\u01b0\u1eddng A \u0111\u00e3 cho th\u1ea5y t\u00ecnh c\u1ea3m v\u00e0 s\u1ef1 quan t\u00e2m c\u1ee7a t\u1ea5t c\u1ea3 c\u00e1c b\u1ea1n, \u0111\u00f3 c\u0169ng ch\u00ednh l\u00e0 m\u1ed9t trong nh\u1eefng th\u00e0nh c\u00f4ng, m\u1ed9t ni\u1ec1m vui l\u1edbn lao d\u00e0nh cho CLB N\u1ed9i Khoa. <\/p>\n\n\n\n<div class=\"wp-block-image\"><figure class=\"aligncenter\"><img decoding=\"async\" loading=\"lazy\" width=\"1024\" height=\"683\" src=\"http:\/\/clbnoikhoasvydh.com\/wp-content\/uploads\/2019\/08\/IMG_6359-1024x683.jpg\" alt=\"\" class=\"wp-image-377\" srcset=\"https:\/\/clbnoikhoasvydh.com\/wp-content\/uploads\/2019\/08\/IMG_6359-1024x683.jpg 1024w, https:\/\/clbnoikhoasvydh.com\/wp-content\/uploads\/2019\/08\/IMG_6359-360x240.jpg 360w, https:\/\/clbnoikhoasvydh.com\/wp-content\/uploads\/2019\/08\/IMG_6359-768x512.jpg 768w\" sizes=\"(max-width: 1024px) 100vw, 1024px\" \/><figcaption>Qu\u00fd Th\u1ea7y c\u00f4 B\u1ed9 m\u00f4n N\u1ed9i &#8211; Tr\u01b0\u1eddng \u0110H Y D\u01b0\u1ee3c Hu\u1ebf l\u00e0 C\u1ed1 v\u1ea5n cho \u0110VNK VII<\/figcaption><\/figure><\/div>\n\n\n\n<p> <p style=\"color:#000000; text-align:justify\">M\u1ed9t s\u1ed1 h\u00ecnh \u1ea3nh t\u1eeb \u0110\u00eam Chung k\u1ebft \u0110VNK VII:<\/p>\n\n\n\n<div class=\"wp-block-image\"><figure class=\"aligncenter\"><img decoding=\"async\" loading=\"lazy\" width=\"1024\" height=\"683\" src=\"http:\/\/clbnoikhoasvydh.com\/wp-content\/uploads\/2019\/08\/IMG_6330-1024x683.jpg\" alt=\"\" class=\"wp-image-382\" srcset=\"https:\/\/clbnoikhoasvydh.com\/wp-content\/uploads\/2019\/08\/IMG_6330-1024x683.jpg 1024w, https:\/\/clbnoikhoasvydh.com\/wp-content\/uploads\/2019\/08\/IMG_6330-360x240.jpg 360w, https:\/\/clbnoikhoasvydh.com\/wp-content\/uploads\/2019\/08\/IMG_6330-768x512.jpg 768w\" sizes=\"(max-width: 1024px) 100vw, 1024px\" \/><figcaption> Th\u1ea7y PGS.TS. Nguy\u1ec5n \u0110\u00ecnh To\u00e0n &#8211; Gi\u1ea3ng vi\u00ean B\u1ed9 m\u00f4n N\u1ed9i, Tr\u01b0\u1edfng BTC \u0110VNK VII <\/figcaption><\/figure><\/div>\n\n\n\n<div class=\"wp-block-image\"><figure class=\"aligncenter\"><img decoding=\"async\" loading=\"lazy\" width=\"1024\" height=\"683\" src=\"http:\/\/clbnoikhoasvydh.com\/wp-content\/uploads\/2019\/08\/DSC_0407-1-1024x683.jpg\" alt=\"\" class=\"wp-image-383\" srcset=\"https:\/\/clbnoikhoasvydh.com\/wp-content\/uploads\/2019\/08\/DSC_0407-1-1024x683.jpg 1024w, https:\/\/clbnoikhoasvydh.com\/wp-content\/uploads\/2019\/08\/DSC_0407-1-360x240.jpg 360w, https:\/\/clbnoikhoasvydh.com\/wp-content\/uploads\/2019\/08\/DSC_0407-1-768x512.jpg 768w\" sizes=\"(max-width: 1024px) 100vw, 1024px\" \/><figcaption>ThS.BS. Nguy\u1ec5n Duy Du\u1eabn \u0111ang gi\u1ea3i th\u00edch \u0110\u00e1p \u00e1n V\u00f2ng lo\u1ea1i<\/figcaption><\/figure><\/div>\n\n\n\n<div class=\"wp-block-image\"><figure class=\"aligncenter\"><img decoding=\"async\" loading=\"lazy\" width=\"1024\" height=\"683\" src=\"http:\/\/clbnoikhoasvydh.com\/wp-content\/uploads\/2019\/08\/54519874_850753895260921_7007566961097834496_o-1024x683.jpg\" alt=\"\" class=\"wp-image-384\" srcset=\"https:\/\/clbnoikhoasvydh.com\/wp-content\/uploads\/2019\/08\/54519874_850753895260921_7007566961097834496_o-1024x683.jpg 1024w, https:\/\/clbnoikhoasvydh.com\/wp-content\/uploads\/2019\/08\/54519874_850753895260921_7007566961097834496_o-360x240.jpg 360w, https:\/\/clbnoikhoasvydh.com\/wp-content\/uploads\/2019\/08\/54519874_850753895260921_7007566961097834496_o-768x512.jpg 768w, https:\/\/clbnoikhoasvydh.com\/wp-content\/uploads\/2019\/08\/54519874_850753895260921_7007566961097834496_o.jpg 1728w\" sizes=\"(max-width: 1024px) 100vw, 1024px\" \/><figcaption>\u0110\u1ed9i ch\u01a1i duy nh\u1ea5t c\u00f3 3 n\u1eef \u0111\u1ebfn t\u1eeb l\u1edbp Y4G<\/figcaption><\/figure><\/div>\n\n\n\n<div class=\"wp-block-image\"><figure class=\"aligncenter\"><img decoding=\"async\" loading=\"lazy\" width=\"1024\" height=\"683\" src=\"http:\/\/clbnoikhoasvydh.com\/wp-content\/uploads\/2019\/08\/IMG_6402-1024x683.jpg\" alt=\"\" class=\"wp-image-390\" srcset=\"https:\/\/clbnoikhoasvydh.com\/wp-content\/uploads\/2019\/08\/IMG_6402-1024x683.jpg 1024w, https:\/\/clbnoikhoasvydh.com\/wp-content\/uploads\/2019\/08\/IMG_6402-360x240.jpg 360w, https:\/\/clbnoikhoasvydh.com\/wp-content\/uploads\/2019\/08\/IMG_6402-768x512.jpg 768w\" sizes=\"(max-width: 1024px) 100vw, 1024px\" \/><figcaption>Kh\u00e1n \u0111\u00e0i H\u1ed9i tr\u01b0\u1eddng A l\u1ea5p \u0111\u1ea7y c\u00e1c ch\u1ed7 tr\u1ed1ng<\/figcaption><\/figure><\/div>\n\n\n\n<div class=\"wp-block-image\"><figure class=\"aligncenter\"><img decoding=\"async\" loading=\"lazy\" width=\"1024\" height=\"683\" src=\"http:\/\/clbnoikhoasvydh.com\/wp-content\/uploads\/2019\/08\/IMG_6521-1024x683.jpg\" alt=\"\" class=\"wp-image-391\" srcset=\"https:\/\/clbnoikhoasvydh.com\/wp-content\/uploads\/2019\/08\/IMG_6521-1024x683.jpg 1024w, https:\/\/clbnoikhoasvydh.com\/wp-content\/uploads\/2019\/08\/IMG_6521-360x240.jpg 360w, https:\/\/clbnoikhoasvydh.com\/wp-content\/uploads\/2019\/08\/IMG_6521-768x512.jpg 768w\" sizes=\"(max-width: 1024px) 100vw, 1024px\" \/><figcaption>MC Ng\u1ecdc Duy\u00ean v\u00e0 MC \u0110\u1ee9c Ph\u00fa<\/figcaption><\/figure><\/div>\n\n\n\n<figure class=\"wp-block-image\"><img decoding=\"async\" loading=\"lazy\" width=\"1024\" height=\"683\" src=\"http:\/\/clbnoikhoasvydh.com\/wp-content\/uploads\/2019\/08\/IMG_6528-1024x683.jpg\" alt=\"\" class=\"wp-image-385\" srcset=\"https:\/\/clbnoikhoasvydh.com\/wp-content\/uploads\/2019\/08\/IMG_6528-1024x683.jpg 1024w, https:\/\/clbnoikhoasvydh.com\/wp-content\/uploads\/2019\/08\/IMG_6528-360x240.jpg 360w, https:\/\/clbnoikhoasvydh.com\/wp-content\/uploads\/2019\/08\/IMG_6528-768x512.jpg 768w\" sizes=\"(max-width: 1024px) 100vw, 1024px\" \/><figcaption>Ban N\u1ed9i dung \u0110VNK VII<\/figcaption><\/figure>\n\n\n\n<div class=\"wp-block-image\"><figure class=\"aligncenter\"><img decoding=\"async\" loading=\"lazy\" width=\"1024\" height=\"683\" src=\"http:\/\/clbnoikhoasvydh.com\/wp-content\/uploads\/2019\/08\/IMG_6457-1024x683.jpg\" alt=\"\" class=\"wp-image-386\" srcset=\"https:\/\/clbnoikhoasvydh.com\/wp-content\/uploads\/2019\/08\/IMG_6457-1024x683.jpg 1024w, https:\/\/clbnoikhoasvydh.com\/wp-content\/uploads\/2019\/08\/IMG_6457-360x240.jpg 360w, https:\/\/clbnoikhoasvydh.com\/wp-content\/uploads\/2019\/08\/IMG_6457-768x512.jpg 768w\" sizes=\"(max-width: 1024px) 100vw, 1024px\" \/><figcaption>NTC &#8211; Qu\u00e1n qu\u00e2n \u0110VNK VII<\/figcaption><\/figure><\/div>\n\n\n\n<div class=\"wp-block-image\"><figure class=\"aligncenter\"><img decoding=\"async\" loading=\"lazy\" width=\"1024\" height=\"695\" src=\"http:\/\/clbnoikhoasvydh.com\/wp-content\/uploads\/2019\/08\/IMG_6446-1-1024x695.jpg\" alt=\"\" class=\"wp-image-388\" srcset=\"https:\/\/clbnoikhoasvydh.com\/wp-content\/uploads\/2019\/08\/IMG_6446-1-1024x695.jpg 1024w, https:\/\/clbnoikhoasvydh.com\/wp-content\/uploads\/2019\/08\/IMG_6446-1-360x244.jpg 360w, https:\/\/clbnoikhoasvydh.com\/wp-content\/uploads\/2019\/08\/IMG_6446-1-768x522.jpg 768w\" sizes=\"(max-width: 1024px) 100vw, 1024px\" \/><figcaption>DHA v\u00e0 ACTH c\u00e1n \u0111\u00edch \u1edf v\u1ecb tr\u00ed \u00c1 qu\u00e2n \u0110VNK VII<\/figcaption><\/figure><\/div>\n\n\n\n<div class=\"wp-block-image\"><figure class=\"aligncenter\"><img decoding=\"async\" loading=\"lazy\" width=\"1024\" height=\"683\" src=\"http:\/\/clbnoikhoasvydh.com\/wp-content\/uploads\/2019\/08\/IMG_6439-1024x683.jpg\" alt=\"\" class=\"wp-image-389\" srcset=\"https:\/\/clbnoikhoasvydh.com\/wp-content\/uploads\/2019\/08\/IMG_6439-1024x683.jpg 1024w, https:\/\/clbnoikhoasvydh.com\/wp-content\/uploads\/2019\/08\/IMG_6439-360x240.jpg 360w, https:\/\/clbnoikhoasvydh.com\/wp-content\/uploads\/2019\/08\/IMG_6439-768x512.jpg 768w\" sizes=\"(max-width: 1024px) 100vw, 1024px\" \/><figcaption>ESC c\u00e1n \u0111\u00edch \u1edf v\u1ecb tr\u00ed th\u1ee9 3 \u0110VNK VII<\/figcaption><\/figure><\/div>\n\n\n\n<div class=\"wp-block-image\"><figure class=\"aligncenter\"><img decoding=\"async\" loading=\"lazy\" width=\"1024\" height=\"525\" src=\"http:\/\/clbnoikhoasvydh.com\/wp-content\/uploads\/2019\/08\/IMG_6472-1024x525.jpg\" alt=\"\" class=\"wp-image-392\" srcset=\"https:\/\/clbnoikhoasvydh.com\/wp-content\/uploads\/2019\/08\/IMG_6472-1024x525.jpg 1024w, https:\/\/clbnoikhoasvydh.com\/wp-content\/uploads\/2019\/08\/IMG_6472-360x185.jpg 360w, https:\/\/clbnoikhoasvydh.com\/wp-content\/uploads\/2019\/08\/IMG_6472-768x394.jpg 768w\" sizes=\"(max-width: 1024px) 100vw, 1024px\" \/><figcaption>4 \u0111\u1ed9i ch\u01a1i c\u00f9ng Qu\u00fd Th\u1ea7y c\u00f4 B\u1ed9 m\u00f4n N\u1ed9i<\/figcaption><\/figure><\/div>\n\n\n\n<div class=\"wp-block-image\"><figure class=\"aligncenter\"><img decoding=\"async\" loading=\"lazy\" width=\"1024\" height=\"683\" src=\"http:\/\/clbnoikhoasvydh.com\/wp-content\/uploads\/2019\/08\/IMG_9173-1024x683.jpg\" alt=\"\" class=\"wp-image-393\" srcset=\"https:\/\/clbnoikhoasvydh.com\/wp-content\/uploads\/2019\/08\/IMG_9173-1024x683.jpg 1024w, https:\/\/clbnoikhoasvydh.com\/wp-content\/uploads\/2019\/08\/IMG_9173-360x240.jpg 360w, https:\/\/clbnoikhoasvydh.com\/wp-content\/uploads\/2019\/08\/IMG_9173-768x512.jpg 768w\" sizes=\"(max-width: 1024px) 100vw, 1024px\" \/><figcaption>Ban K\u1ef9 thu\u1eadt \u0110VNK VII<\/figcaption><\/figure><\/div>\n\n\n\n<div class=\"wp-block-image\"><figure class=\"aligncenter\"><img decoding=\"async\" loading=\"lazy\" width=\"1024\" height=\"578\" src=\"http:\/\/clbnoikhoasvydh.com\/wp-content\/uploads\/2019\/08\/IMG_6476-1024x578.jpg\" alt=\"\" class=\"wp-image-394\" srcset=\"https:\/\/clbnoikhoasvydh.com\/wp-content\/uploads\/2019\/08\/IMG_6476-1024x578.jpg 1024w, https:\/\/clbnoikhoasvydh.com\/wp-content\/uploads\/2019\/08\/IMG_6476-360x203.jpg 360w, https:\/\/clbnoikhoasvydh.com\/wp-content\/uploads\/2019\/08\/IMG_6476-768x434.jpg 768w\" sizes=\"(max-width: 1024px) 100vw, 1024px\" \/><figcaption>Ni\u1ec1m vui c\u1ee7a NTC v\u00e0 l\u1edbp Y4C<\/figcaption><\/figure><\/div>\n\n\n\n<p> <p style=\"color:#000000; text-align:justify\"> \u0110\u1ed1 vui N\u1ed9i khoa l\u1ea7n th\u1ee9 VII \u0111\u00e3 kh\u00e9p l\u1ea1i nh\u01b0ng d\u01b0 \u00e2m c\u1ee7a ch\u01b0\u01a1ng tr\u00ecnh v\u1eabn \u0111ang ch\u00e1y \u00e2m \u1ec9&#8230;. <\/p>\n","protected":false},"excerpt":{"rendered":"<p>\u0110\u1ed1 vui N\u1ed9i khoa l\u1ea7n th\u1ee9 VII (2018 &#8211; 2019) \u0111\u00e3 kh\u1edfi \u0111\u1ed9ng V\u00f2ng lo\u1ea1i v\u1edbi 13 \u0111\u1ed9i ch\u01a1i \u0111\u1ebfn t\u1eeb 8 l\u1edbp Y4 \u0110a khoa. T\u1ea1i G\u0110 1.07B, sau 90 ph\u00fat c\u0103ng th\u1eb3ng v\u1edbi \u0110\u1ec1 thi v\u00f2ng lo\u1ea1i t\u1eeb<\/p>\n","protected":false},"author":1,"featured_media":111,"parent":0,"menu_order":0,"comment_status":"closed","ping_status":"closed","template":"","meta":[],"_links":{"self":[{"href":"https:\/\/clbnoikhoasvydh.com\/index.php\/wp-json\/wp\/v2\/pages\/107"}],"collection":[{"href":"https:\/\/clbnoikhoasvydh.com\/index.php\/wp-json\/wp\/v2\/pages"}],"about":[{"href":"https:\/\/clbnoikhoasvydh.com\/index.php\/wp-json\/wp\/v2\/types\/page"}],"author":[{"embeddable":true,"href":"https:\/\/clbnoikhoasvydh.com\/index.php\/wp-json\/wp\/v2\/users\/1"}],"replies":[{"embeddable":true,"href":"https:\/\/clbnoikhoasvydh.com\/index.php\/wp-json\/wp\/v2\/comments?post=107"}],"version-history":[{"count":5,"href":"https:\/\/clbnoikhoasvydh.com\/index.php\/wp-json\/wp\/v2\/pages\/107\/revisions"}],"predecessor-version":[{"id":451,"href":"https:\/\/clbnoikhoasvydh.com\/index.php\/wp-json\/wp\/v2\/pages\/107\/revisions\/451"}],"wp:featuredmedia":[{"embeddable":true,"href":"https:\/\/clbnoikhoasvydh.com\/index.php\/wp-json\/wp\/v2\/media\/111"}],"wp:attachment":[{"href":"https:\/\/clbnoikhoasvydh.com\/index.php\/wp-json\/wp\/v2\/media?parent=107"}],"curies":[{"name":"wp","href":"https:\/\/api.w.org\/{rel}","templated":true}]}}