{"id":115,"date":"2019-07-24T15:51:31","date_gmt":"2019-07-24T15:51:31","guid":{"rendered":"http:\/\/clbnoikhoaydh.com\/clbnoikhoa\/?page_id=115"},"modified":"2019-08-29T20:19:43","modified_gmt":"2019-08-29T13:19:43","slug":"dvnk-v","status":"publish","type":"page","link":"https:\/\/clbnoikhoasvydh.com\/index.php\/dvnk-v\/","title":{"rendered":"\u0110VNK V"},"content":{"rendered":"\n<p><p style=\"color:#000000; text-align:justify\"> \u0110VNK V (2016 &#8211; 2017) \u0111\u00e1nh d\u1ea5u l\u1ea7n \u0111\u1ea7u ti\u00ean CLB N\u1ed9i khoa Sinh vi\u00ean &#8211; Tr\u01b0\u1eddng \u0110H Y D\u01b0\u1ee3c Hu\u1ebf l\u00e0 BTC ch\u00ednh. <\/p>\n\n\n\n<p><p style=\"color:#000000; text-align:justify\"> V\u00f2ng lo\u1ea1i \u0110VNK V di\u1ec5n ra v\u00e0o 07h30 ng\u00e0y 26\/02\/2017 t\u1ea1i G\u0110 1.01B v\u1edbi 27 \u0111\u1ed9i thi \u0111\u1ebfn t\u1eeb c\u00e1c l\u1edbp Y4 \u0110a khoa. V\u00f2ng lo\u1ea1i di\u1ec5n ra h\u1ebft s\u1ee9c c\u0103ng th\u1eb3ng khi ch\u1ec9 c\u00f3 4 c\u00e1i t\u00ean trong t\u1ed5ng s\u1ed1 27 \u0111\u1ed9i ch\u01a1i tham gia. V\u00e0 4 \u0111\u1ed9i ch\u01a1i xu\u1ea5t s\u1eafc gi\u00e0nh v\u00e9 v\u00e0o v\u00f2ng Chung k\u1ebft, g\u1ed3m: <\/p>\n\n\n\n<div class=\"wp-block-image\"><figure class=\"aligncenter\"><img decoding=\"async\" loading=\"lazy\" width=\"604\" height=\"172\" src=\"https:\/\/clbnoikhoasvydh.com\/wp-content\/uploads\/2019\/08\/Danh-s\u00e1ch.png\" alt=\"\" class=\"wp-image-397\" srcset=\"https:\/\/clbnoikhoasvydh.com\/wp-content\/uploads\/2019\/08\/Danh-s\u00e1ch.png 604w, https:\/\/clbnoikhoasvydh.com\/wp-content\/uploads\/2019\/08\/Danh-s\u00e1ch-360x103.png 360w\" sizes=\"(max-width: 604px) 100vw, 604px\" \/><figcaption>Danh s\u00e1ch 4 \u0111\u1ed9i ch\u01a1i v\u00e0o V\u00f2ng Chung k\u1ebft \u0110VNK V<\/figcaption><\/figure><\/div>\n\n\n\n<p>  <p style=\"color:#000000; text-align:justify\"> V\u00f2ng Chung k\u1ebft di\u1ec5n ra v\u00f4 c\u00f9ng h\u1ea5p d\u1eabn v\u00e0 k\u1ecbch t\u00edch, sau 4 v\u00f2ng thi Kh\u1edfi \u0111\u1ed9ng &#8211; V\u01b0\u1ee3t ch\u01b0\u1edbng Ng\u1ea1i v\u1eadt &#8211; T\u0103ng t\u1ed1c v\u00e0 V\u1ec1 \u0111\u00edch, 4 nh\u00e0 leo n\u00fai c\u1ee7a ch\u00fang ta \u0111\u00e3 xu\u1ea5t s\u1eafc ho\u00e0n th\u00e0nh ch\u1eb7ng \u0111ua c\u1ee7a m\u00ecnh<br>&#8211; V\u1ec1 nh\u1ea5t v\u00e0 tr\u1edf th\u00e0nh Qu\u00e1n qu\u00e2n \u0110VNK m\u00f9a th\u1ee9 V ch\u00ednh l\u00e0 \u0111\u1ea1i di\u1ec7n \u0111\u1ebfn t\u1eeb l\u1edbp Y4I &#8211; \u0110\u1ed9i <b>Everest<\/b> <br>&#8211; \u0110\u1ed9i <b>X-Factor<\/b> \u0111\u1ebfn t\u1eeb l\u1edbp Y4M v\u1ec1 nh\u00ec \u0110VNK<br>&#8211; Hai \u0111\u1ed9i \u0111\u1ed3ng gi\u1ea3i ba l\u00e0 \u0110\u1ed9i <b>HbA1c<\/b> \u0111\u1ebfn t\u1eeb l\u1edbp Y4F v\u00e0 \u0110\u1ed9i <b>Snakes<\/b> \u0111\u1ea1i di\u1ec7n th\u1ee9 2 \u0111\u1ebfn t\u1eeb l\u1edbp Y4I<\/p>\n\n\n\n<p><p style=\"color:#000000; text-align:justify\"> CLB N\u1ed9i khoa Sinh vi\u00ean xin ch\u00e2n th\u00e0nh c\u1ea3m \u01a1n BCH \u0110o\u00e0n tr\u01b0\u1eddng \u0110\u1ea1i h\u1ecdc Y D\u01b0\u1ee3c Hu\u1ebf \u0111\u00e3 lu\u00f4n h\u1ed7 tr\u1ee3, t\u1ea1o \u0111i\u1ec1u ki\u1ec7n cho cu\u1ed9c thi di\u1ec5n ra th\u00e0nh c\u00f4ng t\u1ed1t \u0111\u1eb9p.<\/p>\n\n\n\n<p> <p style=\"color:#000000; text-align:justify\">Ch\u00fang em c\u0169ng xin g\u1eedi l\u1eddi c\u1ea3m \u01a1n ch\u00e2n th\u00e0nh nh\u1ea5t \u0111\u1ebfn qu\u00fd Th\u1ea7y c\u00f4 B\u1ed9 m\u00f4n N\u1ed9i \u0111\u00e3 lu\u00f4n \u1ee7ng h\u1ed9 v\u00e0 gi\u00fap \u0111\u1ee1 ch\u00fang em t\u1ed5 ch\u1ee9c m\u1ed9t s\u00e2n ch\u01a1i b\u1ed5 \u00edch cho c\u00e1c b\u1ea1n sinh vi\u00ean D\u01b0\u1ee3c Hu\u1ebf.<\/p>\n\n\n\n<div class=\"wp-block-image\"><figure class=\"aligncenter\"><img decoding=\"async\" loading=\"lazy\" width=\"1024\" height=\"683\" src=\"https:\/\/clbnoikhoasvydh.com\/wp-content\/uploads\/2019\/08\/17971981_451684718501176_299567222972515919_o-1024x683.jpg\" alt=\"\" class=\"wp-image-400\" srcset=\"https:\/\/clbnoikhoasvydh.com\/wp-content\/uploads\/2019\/08\/17971981_451684718501176_299567222972515919_o-1024x683.jpg 1024w, https:\/\/clbnoikhoasvydh.com\/wp-content\/uploads\/2019\/08\/17971981_451684718501176_299567222972515919_o-360x240.jpg 360w, https:\/\/clbnoikhoasvydh.com\/wp-content\/uploads\/2019\/08\/17971981_451684718501176_299567222972515919_o-768x512.jpg 768w, https:\/\/clbnoikhoasvydh.com\/wp-content\/uploads\/2019\/08\/17971981_451684718501176_299567222972515919_o.jpg 2048w\" sizes=\"(max-width: 1024px) 100vw, 1024px\" \/><figcaption>Ban t\u1ed5 ch\u1ee9c \u0110\u1ed1 vui N\u1ed9i khoa l\u1ea7n th\u1ee9 V (2016 &#8211; 2017)<\/figcaption><\/figure><\/div>\n\n\n\n<ul class=\"is-layout-flex wp-block-gallery-1 wp-block-gallery columns-2 is-cropped\"><li class=\"blocks-gallery-item\"><figure><img decoding=\"async\" loading=\"lazy\" width=\"1024\" height=\"576\" src=\"http:\/\/clbnoikhoasvydh.com\/wp-content\/uploads\/2019\/08\/17015771_426321847704130_3213356013855076168_o-1024x576.jpg\" alt=\"\" data-id=\"398\" data-link=\"http:\/\/clbnoikhoasvydh.com\/index.php\/dvnk-v\/17015771_426321847704130_3213356013855076168_o\/\" class=\"wp-image-398\" srcset=\"https:\/\/clbnoikhoasvydh.com\/wp-content\/uploads\/2019\/08\/17015771_426321847704130_3213356013855076168_o-1024x576.jpg 1024w, https:\/\/clbnoikhoasvydh.com\/wp-content\/uploads\/2019\/08\/17015771_426321847704130_3213356013855076168_o-360x203.jpg 360w, https:\/\/clbnoikhoasvydh.com\/wp-content\/uploads\/2019\/08\/17015771_426321847704130_3213356013855076168_o-768x432.jpg 768w, https:\/\/clbnoikhoasvydh.com\/wp-content\/uploads\/2019\/08\/17015771_426321847704130_3213356013855076168_o.jpg 2048w\" sizes=\"(max-width: 1024px) 100vw, 1024px\" \/><figcaption>V\u00f2ng lo\u1ea1i \u0110VNK V<\/figcaption><\/figure><\/li><li class=\"blocks-gallery-item\"><figure><img decoding=\"async\" loading=\"lazy\" width=\"1024\" height=\"683\" src=\"http:\/\/clbnoikhoasvydh.com\/wp-content\/uploads\/2019\/08\/IMG_2681-1024x683.jpg\" alt=\"\" data-id=\"399\" data-link=\"http:\/\/clbnoikhoasvydh.com\/index.php\/dvnk-v\/img_2681\/\" class=\"wp-image-399\" srcset=\"https:\/\/clbnoikhoasvydh.com\/wp-content\/uploads\/2019\/08\/IMG_2681-1024x683.jpg 1024w, https:\/\/clbnoikhoasvydh.com\/wp-content\/uploads\/2019\/08\/IMG_2681-360x240.jpg 360w, https:\/\/clbnoikhoasvydh.com\/wp-content\/uploads\/2019\/08\/IMG_2681-768x512.jpg 768w\" sizes=\"(max-width: 1024px) 100vw, 1024px\" \/><figcaption>ThS.BS. Tr\u1ea7n Quang Trung \u0111ang quan s\u00e1t c\u00e1c \u0111\u1ed9i ch\u01a1i t\u1ea1i V\u00f2ng lo\u1ea1i<\/figcaption><\/figure><\/li><\/ul>\n\n\n\n<div class=\"wp-block-image\"><figure class=\"aligncenter\"><img decoding=\"async\" loading=\"lazy\" width=\"1024\" height=\"683\" src=\"https:\/\/clbnoikhoasvydh.com\/wp-content\/uploads\/2019\/08\/28701281_605783179757995_2106536214558043510_o-1024x683.jpg\" alt=\"\" class=\"wp-image-401\" srcset=\"https:\/\/clbnoikhoasvydh.com\/wp-content\/uploads\/2019\/08\/28701281_605783179757995_2106536214558043510_o-1024x683.jpg 1024w, https:\/\/clbnoikhoasvydh.com\/wp-content\/uploads\/2019\/08\/28701281_605783179757995_2106536214558043510_o-360x240.jpg 360w, https:\/\/clbnoikhoasvydh.com\/wp-content\/uploads\/2019\/08\/28701281_605783179757995_2106536214558043510_o-768x512.jpg 768w, https:\/\/clbnoikhoasvydh.com\/wp-content\/uploads\/2019\/08\/28701281_605783179757995_2106536214558043510_o.jpg 1836w\" sizes=\"(max-width: 1024px) 100vw, 1024px\" \/><figcaption>Ch\u00e2n dung nh\u00e0 V\u00f4 \u0111\u1ecbch \u0110VNK V &#8211; Everest (\u0110\u1ea1i di\u1ec7n \u0111\u1ebfn t\u1eeb l\u1edbp Y4I)<\/figcaption><\/figure><\/div>\n\n\n\n<div class=\"wp-block-image\"><figure class=\"aligncenter\"><img decoding=\"async\" loading=\"lazy\" width=\"1024\" height=\"683\" src=\"https:\/\/clbnoikhoasvydh.com\/wp-content\/uploads\/2019\/08\/28827098_605783273091319_7286157467711862310_o-1024x683.jpg\" alt=\"\" class=\"wp-image-402\" srcset=\"https:\/\/clbnoikhoasvydh.com\/wp-content\/uploads\/2019\/08\/28827098_605783273091319_7286157467711862310_o-1024x683.jpg 1024w, https:\/\/clbnoikhoasvydh.com\/wp-content\/uploads\/2019\/08\/28827098_605783273091319_7286157467711862310_o-360x240.jpg 360w, https:\/\/clbnoikhoasvydh.com\/wp-content\/uploads\/2019\/08\/28827098_605783273091319_7286157467711862310_o-768x512.jpg 768w, https:\/\/clbnoikhoasvydh.com\/wp-content\/uploads\/2019\/08\/28827098_605783273091319_7286157467711862310_o.jpg 1836w\" sizes=\"(max-width: 1024px) 100vw, 1024px\" \/><figcaption>\u0110\u1ed9i X-Factor &#8211; \u00c1 qu\u00e2n \u0110VNK V <\/figcaption><\/figure><\/div>\n\n\n\n<figure class=\"wp-block-image\"><img decoding=\"async\" loading=\"lazy\" width=\"1024\" height=\"683\" src=\"https:\/\/clbnoikhoasvydh.com\/wp-content\/uploads\/2019\/08\/28698780_605783319757981_5469952332467208508_o-1-1024x683.jpg\" alt=\"\" class=\"wp-image-404\" srcset=\"https:\/\/clbnoikhoasvydh.com\/wp-content\/uploads\/2019\/08\/28698780_605783319757981_5469952332467208508_o-1-1024x683.jpg 1024w, https:\/\/clbnoikhoasvydh.com\/wp-content\/uploads\/2019\/08\/28698780_605783319757981_5469952332467208508_o-1-360x240.jpg 360w, https:\/\/clbnoikhoasvydh.com\/wp-content\/uploads\/2019\/08\/28698780_605783319757981_5469952332467208508_o-1-768x512.jpg 768w, https:\/\/clbnoikhoasvydh.com\/wp-content\/uploads\/2019\/08\/28698780_605783319757981_5469952332467208508_o-1.jpg 1665w\" sizes=\"(max-width: 1024px) 100vw, 1024px\" \/><figcaption>\u0110\u1ed9i HbA1c v\u00e0 Snakes  gi\u00e0nh v\u1ecb tr\u00ed th\u1ee9 3 \u0110VNK V<br><\/figcaption><\/figure>\n\n\n\n<p><\/p>\n\n\n\n<ul class=\"is-layout-flex wp-block-gallery-3 wp-block-gallery aligncenter columns-2 is-cropped\"><li class=\"blocks-gallery-item\"><figure><img decoding=\"async\" loading=\"lazy\" width=\"1024\" height=\"683\" src=\"http:\/\/clbnoikhoasvydh.com\/wp-content\/uploads\/2019\/08\/17880726_451684721834509_7747649223861904939_o-1024x683.jpg\" alt=\"\" data-id=\"405\" data-link=\"http:\/\/clbnoikhoasvydh.com\/index.php\/dvnk-v\/17880726_451684721834509_7747649223861904939_o\/\" class=\"wp-image-405\" srcset=\"https:\/\/clbnoikhoasvydh.com\/wp-content\/uploads\/2019\/08\/17880726_451684721834509_7747649223861904939_o-1024x683.jpg 1024w, https:\/\/clbnoikhoasvydh.com\/wp-content\/uploads\/2019\/08\/17880726_451684721834509_7747649223861904939_o-360x240.jpg 360w, https:\/\/clbnoikhoasvydh.com\/wp-content\/uploads\/2019\/08\/17880726_451684721834509_7747649223861904939_o-768x512.jpg 768w, https:\/\/clbnoikhoasvydh.com\/wp-content\/uploads\/2019\/08\/17880726_451684721834509_7747649223861904939_o.jpg 2048w\" sizes=\"(max-width: 1024px) 100vw, 1024px\" \/><figcaption>BTC c\u00f9ng qu\u00fd Th\u1ea7y c\u00f4 B\u1ed9 m\u00f4n N\u1ed9i<\/figcaption><\/figure><\/li><li class=\"blocks-gallery-item\"><figure><img decoding=\"async\" loading=\"lazy\" width=\"1024\" height=\"683\" src=\"http:\/\/clbnoikhoasvydh.com\/wp-content\/uploads\/2019\/08\/28827342_605783183091328_8452785688728756095_o-1024x683.jpg\" alt=\"\" data-id=\"406\" data-link=\"http:\/\/clbnoikhoasvydh.com\/index.php\/dvnk-v\/28827342_605783183091328_8452785688728756095_o\/\" class=\"wp-image-406\" srcset=\"https:\/\/clbnoikhoasvydh.com\/wp-content\/uploads\/2019\/08\/28827342_605783183091328_8452785688728756095_o-1024x683.jpg 1024w, https:\/\/clbnoikhoasvydh.com\/wp-content\/uploads\/2019\/08\/28827342_605783183091328_8452785688728756095_o-360x240.jpg 360w, https:\/\/clbnoikhoasvydh.com\/wp-content\/uploads\/2019\/08\/28827342_605783183091328_8452785688728756095_o-768x512.jpg 768w, https:\/\/clbnoikhoasvydh.com\/wp-content\/uploads\/2019\/08\/28827342_605783183091328_8452785688728756095_o.jpg 1836w\" sizes=\"(max-width: 1024px) 100vw, 1024px\" \/><figcaption>\u0110\u1ed9i Y4F xu\u1ea5t s\u1eafc gi\u00e0nh gi\u1ea3i ph\u1ee5 c\u1ee7a Th\u1ea7y L\u00ea V\u0103n Chi &#8211; Ph\u00f3 tr\u01b0\u1edfng B\u1ed9 m\u00f4n N\u1ed9i<\/figcaption><\/figure><\/li><\/ul>\n","protected":false},"excerpt":{"rendered":"<p>\u0110VNK V (2016 &#8211; 2017) \u0111\u00e1nh d\u1ea5u l\u1ea7n \u0111\u1ea7u ti\u00ean CLB N\u1ed9i khoa Sinh vi\u00ean &#8211; Tr\u01b0\u1eddng \u0110H Y D\u01b0\u1ee3c Hu\u1ebf l\u00e0 BTC ch\u00ednh. V\u00f2ng lo\u1ea1i \u0110VNK V di\u1ec5n ra v\u00e0o 07h30 ng\u00e0y 26\/02\/2017 t\u1ea1i G\u0110 1.01B v\u1edbi 27 \u0111\u1ed9i<\/p>\n","protected":false},"author":1,"featured_media":116,"parent":0,"menu_order":0,"comment_status":"closed","ping_status":"closed","template":"","meta":[],"_links":{"self":[{"href":"https:\/\/clbnoikhoasvydh.com\/index.php\/wp-json\/wp\/v2\/pages\/115"}],"collection":[{"href":"https:\/\/clbnoikhoasvydh.com\/index.php\/wp-json\/wp\/v2\/pages"}],"about":[{"href":"https:\/\/clbnoikhoasvydh.com\/index.php\/wp-json\/wp\/v2\/types\/page"}],"author":[{"embeddable":true,"href":"https:\/\/clbnoikhoasvydh.com\/index.php\/wp-json\/wp\/v2\/users\/1"}],"replies":[{"embeddable":true,"href":"https:\/\/clbnoikhoasvydh.com\/index.php\/wp-json\/wp\/v2\/comments?post=115"}],"version-history":[{"count":7,"href":"https:\/\/clbnoikhoasvydh.com\/index.php\/wp-json\/wp\/v2\/pages\/115\/revisions"}],"predecessor-version":[{"id":435,"href":"https:\/\/clbnoikhoasvydh.com\/index.php\/wp-json\/wp\/v2\/pages\/115\/revisions\/435"}],"wp:featuredmedia":[{"embeddable":true,"href":"https:\/\/clbnoikhoasvydh.com\/index.php\/wp-json\/wp\/v2\/media\/116"}],"wp:attachment":[{"href":"https:\/\/clbnoikhoasvydh.com\/index.php\/wp-json\/wp\/v2\/media?parent=115"}],"curies":[{"name":"wp","href":"https:\/\/api.w.org\/{rel}","templated":true}]}}