{"id":76,"date":"2019-07-24T11:19:57","date_gmt":"2019-07-24T11:19:57","guid":{"rendered":"http:\/\/clbnoikhoaydh.com\/clbnoikhoa\/?page_id=76"},"modified":"2019-08-20T19:51:50","modified_gmt":"2019-08-20T12:51:50","slug":"series-tiep-can-trieu-chung","status":"publish","type":"page","link":"https:\/\/clbnoikhoasvydh.com\/index.php\/series-tiep-can-trieu-chung\/","title":{"rendered":"Series: Ti\u1ebfp c\u1eadn tri\u1ec7u ch\u1ee9ng"},"content":{"rendered":"\n<blockquote class=\"wp-block-quote\"><p style=\"color:#000000; text-align:justify\">Tri\u1ec7u ch\u1ee9ng h\u1ecdc n\u1ed9i khoa l\u00e0 m\u00f4n h\u1ecdc c\u01a1 b\u1ea3n cho c\u00e1c m\u00f4n y h\u1ecdc l\u00e2m s\u00e0ng, gi\u00fap trang b\u1ecb, h\u01b0\u1edbng d\u1eabn cho sinh vi\u00ean y khoa c\u00e1ch ti\u1ebfp x\u00fac b\u1ec7nh nh\u00e2n, khai th\u00e1c c\u00e1c tri\u1ec7u ch\u1ee9ng c\u01a1 n\u0103ng, th\u0103m kh\u00e1m l\u00e2m s\u00e0ng, ph\u00e1t hi\u1ec7n c\u00e1c tri\u1ec7u ch\u1ee9ng th\u1ef1c th\u1ec3, hi\u1ec3u r\u00f5 c\u01a1 ch\u1ebf b\u1ec7nh sinh c\u1ee7a c\u00e1c r\u1ed1i lo\u1ea1n b\u1ec7nh l\u00fd, n\u1eafm v\u1eefng c\u00e1c th\u0103m d\u00f2 x\u00e9t nghi\u1ec7m c\u1eadn l\u00e2m s\u00e0ng \u0111\u1ec3 ch\u1ec9 \u0111\u1ecbnh v\u00e0 nh\u1eadn \u0111\u1ecbnh gi\u00e1 tr\u1ecb c\u1ee7a c\u00e1c k\u1ebft qu\u1ea3, cu\u1ed1i c\u00f9ng gi\u00fap ph\u00e2n t\u00edch v\u00e0 t\u1ed5ng h\u1ee3p c\u00e1c tri\u1ec7u ch\u1ee9ng ph\u00e1t hi\u1ec7n \u0111\u01b0\u1ee3c \u0111\u1ec3 ti\u1ebfn t\u1edbi ch\u1ea9n \u0111o\u00e1n.<\/p>\n<p style=\"color:#000000; text-align: justify\">CLB N\u1ed9i khoa xin g\u1eedi \u0111\u1ebfn c\u00e1c b\u1ea1n series \u0111\u1ea7y b\u1ed5 \u00edch n\u00e0y: <a href=\"http:\/\/clbnoikhoasvydh.com\/index.php\/category\/tiep-can-trieu-chung\/\">Ti\u1ebfp c\u1eadn tri\u1ec7u ch\u1ee9ng<\/a><\/p><\/blockquote>\n","protected":false},"excerpt":{"rendered":"<p>Tri\u1ec7u ch\u1ee9ng h\u1ecdc n\u1ed9i khoa l\u00e0 m\u00f4n h\u1ecdc c\u01a1 b\u1ea3n cho c\u00e1c m\u00f4n y h\u1ecdc l\u00e2m s\u00e0ng, gi\u00fap trang b\u1ecb, h\u01b0\u1edbng d\u1eabn cho sinh vi\u00ean y khoa c\u00e1ch ti\u1ebfp x\u00fac b\u1ec7nh nh\u00e2n, khai th\u00e1c c\u00e1c tri\u1ec7u ch\u1ee9ng c\u01a1 n\u0103ng, th\u0103m<\/p>\n","protected":false},"author":1,"featured_media":91,"parent":0,"menu_order":0,"comment_status":"closed","ping_status":"closed","template":"","meta":[],"_links":{"self":[{"href":"https:\/\/clbnoikhoasvydh.com\/index.php\/wp-json\/wp\/v2\/pages\/76"}],"collection":[{"href":"https:\/\/clbnoikhoasvydh.com\/index.php\/wp-json\/wp\/v2\/pages"}],"about":[{"href":"https:\/\/clbnoikhoasvydh.com\/index.php\/wp-json\/wp\/v2\/types\/page"}],"author":[{"embeddable":true,"href":"https:\/\/clbnoikhoasvydh.com\/index.php\/wp-json\/wp\/v2\/users\/1"}],"replies":[{"embeddable":true,"href":"https:\/\/clbnoikhoasvydh.com\/index.php\/wp-json\/wp\/v2\/comments?post=76"}],"version-history":[{"count":8,"href":"https:\/\/clbnoikhoasvydh.com\/index.php\/wp-json\/wp\/v2\/pages\/76\/revisions"}],"predecessor-version":[{"id":311,"href":"https:\/\/clbnoikhoasvydh.com\/index.php\/wp-json\/wp\/v2\/pages\/76\/revisions\/311"}],"wp:featuredmedia":[{"embeddable":true,"href":"https:\/\/clbnoikhoasvydh.com\/index.php\/wp-json\/wp\/v2\/media\/91"}],"wp:attachment":[{"href":"https:\/\/clbnoikhoasvydh.com\/index.php\/wp-json\/wp\/v2\/media?parent=76"}],"curies":[{"name":"wp","href":"https:\/\/api.w.org\/{rel}","templated":true}]}}