{"id":82,"date":"2019-07-24T11:22:59","date_gmt":"2019-07-24T11:22:59","guid":{"rendered":"http:\/\/clbnoikhoaydh.com\/clbnoikhoa\/?page_id=82"},"modified":"2019-08-22T01:49:25","modified_gmt":"2019-08-21T18:49:25","slug":"cap-nhat-noi-khoa","status":"publish","type":"page","link":"https:\/\/clbnoikhoasvydh.com\/index.php\/cap-nhat-noi-khoa\/","title":{"rendered":"C\u1eadp nh\u1eadt n\u1ed9i khoa"},"content":{"rendered":"\n<blockquote class=\"wp-block-quote\"><p style=\"color:#000000; text-align:justify\">Y h\u1ecdc b\u1eb1ng ch\u1ee9ng l\u00e0 kh\u00e1i ni\u1ec7m kh\u00f4ng c\u00f2n qu\u00e1 xa l\u1ea1 \u0111\u1ed1i v\u1edbi c\u00e1c b\u00e1c s\u0129 l\u00e2m s\u00e0ng. S\u1ef1 ra \u0111\u1eddi c\u1ee7a y h\u1ecdc b\u1eb1ng ch\u1ee9ng \u0111\u00e3 l\u00e0m thay \u0111\u1ed5i nh\u1eadn th\u1ee9c v\u1ec1 t\u01b0 duy \u0111i\u1ec1u tr\u1ecb. D\u1ef1a v\u00e0o c\u00e1c khuy\u1ebfn c\u00e1o v\u1ec1 ch\u1ea9n \u0111o\u00e1n v\u00e0 \u0111i\u1ec1u tr\u1ecb \u0111\u01b0\u1ee3c xay d\u1ef1ng tr\u00ean c\u00e1c nghi\u00ean c\u1ee9u l\u00e2m s\u00e0ng, c\u00f9ng v\u1edbi kinh nghi\u1ec7m c\u1ee7a m\u00ecnh, ng\u01b0\u1eddi b\u00e1c s\u0129 c\u00f3 th\u1ec3 \u0111\u01b0a ra quy\u1ebft \u0111\u1ecbnh ch\u00ednh x\u00e1c h\u01a1n, khoa h\u1ecdc h\u01a1n v\u00e0 mang l\u1ea1i nhi\u1ec1u l\u1ee3i \u00edch cho b\u1ec7nh nh\u00ean theo nguy\u00ean t\u1eafc &#8220;\u0111i\u1ec1u tr\u1ecb ng\u01b0\u1eddi b\u1ec7nh, kh\u00f4ng ch\u1ec9 \u0111i\u1ec1u tr\u1ecb b\u1ec7nh.<\/p>\n<p style=\"color:#000000; text-align: justify\">CLB N\u1ed9i khoa xin \u0111\u01b0\u1ee3c ph\u00e9p t\u1ed5ng h\u1ee3p v\u00e0 g\u1eedi \u0111\u1ebfn c\u00e1c b\u1ea1n nh\u1eefng khuy\u1ebfn c\u00e1o t\u1eeb nh\u1eefng hi\u1ec7p h\u00f4i uy t\u00edn tr\u00ean th\u1ebf gi\u1edbi trong chuy\u00ean m\u1ee5c n\u00e0y: <a href=\"http:\/\/clbnoikhoasvydh.com\/index.php\/category\/cap-nhat-noi-khoa\/\">C\u1eadp nh\u1eadt N\u1ed9i khoa<\/a><\/p><\/blockquote>\n","protected":false},"excerpt":{"rendered":"<p>Y h\u1ecdc b\u1eb1ng ch\u1ee9ng l\u00e0 kh\u00e1i ni\u1ec7m kh\u00f4ng c\u00f2n qu\u00e1 xa l\u1ea1 \u0111\u1ed1i v\u1edbi c\u00e1c b\u00e1c s\u0129 l\u00e2m s\u00e0ng. S\u1ef1 ra \u0111\u1eddi c\u1ee7a y h\u1ecdc b\u1eb1ng ch\u1ee9ng \u0111\u00e3 l\u00e0m thay \u0111\u1ed5i nh\u1eadn th\u1ee9c v\u1ec1 t\u01b0 duy \u0111i\u1ec1u tr\u1ecb. D\u1ef1a v\u00e0o<\/p>\n","protected":false},"author":1,"featured_media":90,"parent":0,"menu_order":0,"comment_status":"closed","ping_status":"closed","template":"","meta":[],"_links":{"self":[{"href":"https:\/\/clbnoikhoasvydh.com\/index.php\/wp-json\/wp\/v2\/pages\/82"}],"collection":[{"href":"https:\/\/clbnoikhoasvydh.com\/index.php\/wp-json\/wp\/v2\/pages"}],"about":[{"href":"https:\/\/clbnoikhoasvydh.com\/index.php\/wp-json\/wp\/v2\/types\/page"}],"author":[{"embeddable":true,"href":"https:\/\/clbnoikhoasvydh.com\/index.php\/wp-json\/wp\/v2\/users\/1"}],"replies":[{"embeddable":true,"href":"https:\/\/clbnoikhoasvydh.com\/index.php\/wp-json\/wp\/v2\/comments?post=82"}],"version-history":[{"count":2,"href":"https:\/\/clbnoikhoasvydh.com\/index.php\/wp-json\/wp\/v2\/pages\/82\/revisions"}],"predecessor-version":[{"id":329,"href":"https:\/\/clbnoikhoasvydh.com\/index.php\/wp-json\/wp\/v2\/pages\/82\/revisions\/329"}],"wp:featuredmedia":[{"embeddable":true,"href":"https:\/\/clbnoikhoasvydh.com\/index.php\/wp-json\/wp\/v2\/media\/90"}],"wp:attachment":[{"href":"https:\/\/clbnoikhoasvydh.com\/index.php\/wp-json\/wp\/v2\/media?parent=82"}],"curies":[{"name":"wp","href":"https:\/\/api.w.org\/{rel}","templated":true}]}}